{"id":240,"date":"2022-04-24T14:32:01","date_gmt":"2022-04-24T12:32:01","guid":{"rendered":"http:\/\/www.fotoboss.cz\/?page_id=240"},"modified":"2024-06-15T17:36:50","modified_gmt":"2024-06-15T15:36:50","slug":"kontakt","status":"publish","type":"page","link":"https:\/\/www.fotoboss.cz\/en\/contact\/","title":{"rendered":"Contact"},"content":{"rendered":"<h1>\n\t\tContact\n\t<\/h1>\n<h2>\n\t\tAbout us\n\t<\/h2>\n\t\t\t\t<img decoding=\"async\" src=\"http:\/\/www.fotoboss.cz\/wp-content\/uploads\/2022\/04\/Fotoboss-tym-Patrik-Mareska.jpg\" alt=\"Patrik Mare\u0161ka\" itemprop=\"image\" title=\"Patrik Mare\u0161ka\" onerror=\"this.style.display='none'\">\n\t<p><strong>Patrik Mare\u0161ka<\/strong><\/p>\n<p><em>founder of FOTOBOSS<\/em><\/p>\n\t\t\t\t<img decoding=\"async\" src=\"http:\/\/www.fotoboss.cz\/wp-content\/uploads\/2022\/04\/Fotoboss-tym-Jana-Mareskova.jpg\" alt=\"Jana Mare\u0161kov\u00e1\" itemprop=\"image\" title=\"Jana Mare\u0161kov\u00e1\" onerror=\"this.style.display='none'\">\n\t<strong>Jana Mare\u0161kov\u00e1<br>\n<\/strong>\n<em>Coordination and marketing<br>\n<\/em>\n\t\t\t\t<img decoding=\"async\" src=\"http:\/\/www.fotoboss.cz\/wp-content\/uploads\/2022\/04\/Fotoboss-tym-Lucie-Simonovska.jpg\" alt=\"Lucie \u0160imonovsk\u00e1\" itemprop=\"image\" title=\"Lucie \u0160imonovsk\u00e1\" onerror=\"this.style.display='none'\">\n\t<strong>Lucie \u0160imonovsk\u00e1<br>\n<\/strong>\n<em>Marketing Specialist<br>\n<\/em>\n<h2>\n\t\tBook your appointment\n\t<\/h2>\n\t<p>Feel free to book through the contact form or call. We recommend making an appointment in advance so that we have an available date for you.<\/p>","protected":false},"excerpt":{"rendered":"<p>Contact About us Patrik Mare\u0161ka founder of FOTOBOSS Jana Mare\u0161kov\u00e1 Coordination and marketing Lucie \u0160imonovsk\u00e1 Marketing specialist Book a date Don't hesitate to order via the contact form or call. We recommend making an appointment in advance so that we have a date available for you.<\/p>","protected":false},"author":1,"featured_media":0,"parent":0,"menu_order":0,"comment_status":"closed","ping_status":"closed","template":"","meta":{"site-sidebar-layout":"default","site-content-layout":"","ast-site-content-layout":"default","site-content-style":"default","site-sidebar-style":"default","ast-global-header-display":"","ast-banner-title-visibility":"","ast-main-header-display":"","ast-hfb-above-header-display":"","ast-hfb-below-header-display":"","ast-hfb-mobile-header-display":"","site-post-title":"","ast-breadcrumbs-content":"","ast-featured-img":"","footer-sml-layout":"","ast-disable-related-posts":"","theme-transparent-header-meta":"","adv-header-id-meta":"","stick-header-meta":"","header-above-stick-meta":"","header-main-stick-meta":"","header-below-stick-meta":"","astra-migrate-meta-layouts":"set","ast-page-background-enabled":"default","ast-page-background-meta":{"desktop":{"background-color":"var(--ast-global-color-4)","background-image":"","background-repeat":"repeat","background-position":"center center","background-size":"auto","background-attachment":"scroll","background-type":"","background-media":"","overlay-type":"","overlay-color":"","overlay-opacity":"","overlay-gradient":""},"tablet":{"background-color":"","background-image":"","background-repeat":"repeat","background-position":"center center","background-size":"auto","background-attachment":"scroll","background-type":"","background-media":"","overlay-type":"","overlay-color":"","overlay-opacity":"","overlay-gradient":""},"mobile":{"background-color":"","background-image":"","background-repeat":"repeat","background-position":"center center","background-size":"auto","background-attachment":"scroll","background-type":"","background-media":"","overlay-type":"","overlay-color":"","overlay-opacity":"","overlay-gradient":""}},"ast-content-background-meta":{"desktop":{"background-color":"var(--ast-global-color-5)","background-image":"","background-repeat":"repeat","background-position":"center center","background-size":"auto","background-attachment":"scroll","background-type":"","background-media":"","overlay-type":"","overlay-color":"","overlay-opacity":"","overlay-gradient":""},"tablet":{"background-color":"var(--ast-global-color-5)","background-image":"","background-repeat":"repeat","background-position":"center center","background-size":"auto","background-attachment":"scroll","background-type":"","background-media":"","overlay-type":"","overlay-color":"","overlay-opacity":"","overlay-gradient":""},"mobile":{"background-color":"var(--ast-global-color-5)","background-image":"","background-repeat":"repeat","background-position":"center center","background-size":"auto","background-attachment":"scroll","background-type":"","background-media":"","overlay-type":"","overlay-color":"","overlay-opacity":"","overlay-gradient":""}},"footnotes":""},"class_list":["post-240","page","type-page","status-publish","hentry"],"yoast_head":"<!-- This site is optimized with the Yoast SEO plugin v27.5 - https:\/\/yoast.com\/product\/yoast-seo-wordpress\/ -->\n<title>Kontakt | FOTOBOSS<\/title>\n<meta name=\"description\" content=\"Pro rezervace a objedn\u00e1vky m\u016f\u017eete vyu\u017e\u00edt kontaktn\u00ed formul\u00e1\u0159 nebo n\u00e1m rovnou zavolejte.\" \/>\n<meta name=\"robots\" content=\"index, follow, max-snippet:-1, max-image-preview:large, max-video-preview:-1\" \/>\n<link rel=\"canonical\" href=\"https:\/\/www.fotoboss.cz\/en\/contact\/\" \/>\n<meta property=\"og:locale\" content=\"en_US\" \/>\n<meta property=\"og:type\" content=\"article\" \/>\n<meta property=\"og:title\" content=\"Kontakt | FOTOBOSS\" \/>\n<meta property=\"og:description\" content=\"Pro rezervace a objedn\u00e1vky m\u016f\u017eete vyu\u017e\u00edt kontaktn\u00ed formul\u00e1\u0159 nebo n\u00e1m rovnou zavolejte.\" \/>\n<meta property=\"og:url\" content=\"https:\/\/www.fotoboss.cz\/en\/contact\/\" \/>\n<meta property=\"og:site_name\" content=\"FOTOBOSS\" \/>\n<meta property=\"article:publisher\" content=\"https:\/\/www.facebook.com\/fotoboss.cz\" \/>\n<meta property=\"article:modified_time\" content=\"2024-06-15T15:36:50+00:00\" \/>\n<meta property=\"og:image\" content=\"http:\/\/www.fotoboss.cz\/wp-content\/uploads\/2022\/04\/Fotoboss-tym-Patrik-Mareska.jpg\" \/>\n<meta name=\"twitter:card\" content=\"summary_large_image\" \/>\n<meta name=\"twitter:label1\" content=\"Est. reading time\" \/>\n\t<meta name=\"twitter:data1\" content=\"2 minutes\" \/>\n<script type=\"application\/ld+json\" class=\"yoast-schema-graph\">{\"@context\":\"https:\\\/\\\/schema.org\",\"@graph\":[{\"@type\":\"WebPage\",\"@id\":\"https:\\\/\\\/www.fotoboss.cz\\\/kontakt\\\/\",\"url\":\"https:\\\/\\\/www.fotoboss.cz\\\/kontakt\\\/\",\"name\":\"Kontakt | FOTOBOSS\",\"isPartOf\":{\"@id\":\"https:\\\/\\\/www.fotoboss.cz\\\/#website\"},\"primaryImageOfPage\":{\"@id\":\"https:\\\/\\\/www.fotoboss.cz\\\/kontakt\\\/#primaryimage\"},\"image\":{\"@id\":\"https:\\\/\\\/www.fotoboss.cz\\\/kontakt\\\/#primaryimage\"},\"thumbnailUrl\":\"http:\\\/\\\/www.fotoboss.cz\\\/wp-content\\\/uploads\\\/2022\\\/04\\\/Fotoboss-tym-Patrik-Mareska.jpg\",\"datePublished\":\"2022-04-24T12:32:01+00:00\",\"dateModified\":\"2024-06-15T15:36:50+00:00\",\"description\":\"Pro rezervace a objedn\u00e1vky m\u016f\u017eete vyu\u017e\u00edt kontaktn\u00ed formul\u00e1\u0159 nebo n\u00e1m rovnou zavolejte.\",\"breadcrumb\":{\"@id\":\"https:\\\/\\\/www.fotoboss.cz\\\/kontakt\\\/#breadcrumb\"},\"inLanguage\":\"en-US\",\"potentialAction\":[{\"@type\":\"ReadAction\",\"target\":[\"https:\\\/\\\/www.fotoboss.cz\\\/kontakt\\\/\"]}]},{\"@type\":\"ImageObject\",\"inLanguage\":\"en-US\",\"@id\":\"https:\\\/\\\/www.fotoboss.cz\\\/kontakt\\\/#primaryimage\",\"url\":\"http:\\\/\\\/www.fotoboss.cz\\\/wp-content\\\/uploads\\\/2022\\\/04\\\/Fotoboss-tym-Patrik-Mareska.jpg\",\"contentUrl\":\"http:\\\/\\\/www.fotoboss.cz\\\/wp-content\\\/uploads\\\/2022\\\/04\\\/Fotoboss-tym-Patrik-Mareska.jpg\"},{\"@type\":\"BreadcrumbList\",\"@id\":\"https:\\\/\\\/www.fotoboss.cz\\\/kontakt\\\/#breadcrumb\",\"itemListElement\":[{\"@type\":\"ListItem\",\"position\":1,\"name\":\"Dom\u016f\",\"item\":\"https:\\\/\\\/www.fotoboss.cz\\\/\"},{\"@type\":\"ListItem\",\"position\":2,\"name\":\"Kontakt\"}]},{\"@type\":\"WebSite\",\"@id\":\"https:\\\/\\\/www.fotoboss.cz\\\/#website\",\"url\":\"https:\\\/\\\/www.fotoboss.cz\\\/\",\"name\":\"FOTOBOSS\",\"description\":\"Fotokoutek pro ka\u017edou p\u00e1rty!\",\"publisher\":{\"@id\":\"https:\\\/\\\/www.fotoboss.cz\\\/#organization\"},\"potentialAction\":[{\"@type\":\"SearchAction\",\"target\":{\"@type\":\"EntryPoint\",\"urlTemplate\":\"https:\\\/\\\/www.fotoboss.cz\\\/?s={search_term_string}\"},\"query-input\":{\"@type\":\"PropertyValueSpecification\",\"valueRequired\":true,\"valueName\":\"search_term_string\"}}],\"inLanguage\":\"en-US\"},{\"@type\":\"Organization\",\"@id\":\"https:\\\/\\\/www.fotoboss.cz\\\/#organization\",\"name\":\"Fotoboss\",\"url\":\"https:\\\/\\\/www.fotoboss.cz\\\/\",\"logo\":{\"@type\":\"ImageObject\",\"inLanguage\":\"en-US\",\"@id\":\"https:\\\/\\\/www.fotoboss.cz\\\/#\\\/schema\\\/logo\\\/image\\\/\",\"url\":\"https:\\\/\\\/www.fotoboss.cz\\\/wp-content\\\/uploads\\\/2022\\\/04\\\/icon-fotoboss.png\",\"contentUrl\":\"https:\\\/\\\/www.fotoboss.cz\\\/wp-content\\\/uploads\\\/2022\\\/04\\\/icon-fotoboss.png\",\"width\":256,\"height\":256,\"caption\":\"Fotoboss\"},\"image\":{\"@id\":\"https:\\\/\\\/www.fotoboss.cz\\\/#\\\/schema\\\/logo\\\/image\\\/\"},\"sameAs\":[\"https:\\\/\\\/www.facebook.com\\\/fotoboss.cz\",\"https:\\\/\\\/www.instagram.com\\\/fotoboss.cz\"]}]}<\/script>\n<!-- \/ Yoast SEO plugin. -->","yoast_head_json":{"title":"Kontakt | FOTOBOSS","description":"Pro rezervace a objedn\u00e1vky m\u016f\u017eete vyu\u017e\u00edt kontaktn\u00ed formul\u00e1\u0159 nebo n\u00e1m rovnou zavolejte.","robots":{"index":"index","follow":"follow","max-snippet":"max-snippet:-1","max-image-preview":"max-image-preview:large","max-video-preview":"max-video-preview:-1"},"canonical":"https:\/\/www.fotoboss.cz\/en\/contact\/","og_locale":"en_US","og_type":"article","og_title":"Kontakt | FOTOBOSS","og_description":"Pro rezervace a objedn\u00e1vky m\u016f\u017eete vyu\u017e\u00edt kontaktn\u00ed formul\u00e1\u0159 nebo n\u00e1m rovnou zavolejte.","og_url":"https:\/\/www.fotoboss.cz\/en\/contact\/","og_site_name":"FOTOBOSS","article_publisher":"https:\/\/www.facebook.com\/fotoboss.cz","article_modified_time":"2024-06-15T15:36:50+00:00","og_image":[{"url":"http:\/\/www.fotoboss.cz\/wp-content\/uploads\/2022\/04\/Fotoboss-tym-Patrik-Mareska.jpg","type":"","width":"","height":""}],"twitter_card":"summary_large_image","twitter_misc":{"Est. reading time":"2 minutes"},"schema":{"@context":"https:\/\/schema.org","@graph":[{"@type":"WebPage","@id":"https:\/\/www.fotoboss.cz\/kontakt\/","url":"https:\/\/www.fotoboss.cz\/kontakt\/","name":"Kontakt | FOTOBOSS","isPartOf":{"@id":"https:\/\/www.fotoboss.cz\/#website"},"primaryImageOfPage":{"@id":"https:\/\/www.fotoboss.cz\/kontakt\/#primaryimage"},"image":{"@id":"https:\/\/www.fotoboss.cz\/kontakt\/#primaryimage"},"thumbnailUrl":"http:\/\/www.fotoboss.cz\/wp-content\/uploads\/2022\/04\/Fotoboss-tym-Patrik-Mareska.jpg","datePublished":"2022-04-24T12:32:01+00:00","dateModified":"2024-06-15T15:36:50+00:00","description":"Pro rezervace a objedn\u00e1vky m\u016f\u017eete vyu\u017e\u00edt kontaktn\u00ed formul\u00e1\u0159 nebo n\u00e1m rovnou zavolejte.","breadcrumb":{"@id":"https:\/\/www.fotoboss.cz\/kontakt\/#breadcrumb"},"inLanguage":"en-US","potentialAction":[{"@type":"ReadAction","target":["https:\/\/www.fotoboss.cz\/kontakt\/"]}]},{"@type":"ImageObject","inLanguage":"en-US","@id":"https:\/\/www.fotoboss.cz\/kontakt\/#primaryimage","url":"http:\/\/www.fotoboss.cz\/wp-content\/uploads\/2022\/04\/Fotoboss-tym-Patrik-Mareska.jpg","contentUrl":"http:\/\/www.fotoboss.cz\/wp-content\/uploads\/2022\/04\/Fotoboss-tym-Patrik-Mareska.jpg"},{"@type":"BreadcrumbList","@id":"https:\/\/www.fotoboss.cz\/kontakt\/#breadcrumb","itemListElement":[{"@type":"ListItem","position":1,"name":"Dom\u016f","item":"https:\/\/www.fotoboss.cz\/"},{"@type":"ListItem","position":2,"name":"Kontakt"}]},{"@type":"WebSite","@id":"https:\/\/www.fotoboss.cz\/#website","url":"https:\/\/www.fotoboss.cz\/","name":"FOTOBOSS","description":"Fotokoutek pro ka\u017edou p\u00e1rty!","publisher":{"@id":"https:\/\/www.fotoboss.cz\/#organization"},"potentialAction":[{"@type":"SearchAction","target":{"@type":"EntryPoint","urlTemplate":"https:\/\/www.fotoboss.cz\/?s={search_term_string}"},"query-input":{"@type":"PropertyValueSpecification","valueRequired":true,"valueName":"search_term_string"}}],"inLanguage":"en-US"},{"@type":"Organization","@id":"https:\/\/www.fotoboss.cz\/#organization","name":"Fotoboss","url":"https:\/\/www.fotoboss.cz\/","logo":{"@type":"ImageObject","inLanguage":"en-US","@id":"https:\/\/www.fotoboss.cz\/#\/schema\/logo\/image\/","url":"https:\/\/www.fotoboss.cz\/wp-content\/uploads\/2022\/04\/icon-fotoboss.png","contentUrl":"https:\/\/www.fotoboss.cz\/wp-content\/uploads\/2022\/04\/icon-fotoboss.png","width":256,"height":256,"caption":"Fotoboss"},"image":{"@id":"https:\/\/www.fotoboss.cz\/#\/schema\/logo\/image\/"},"sameAs":["https:\/\/www.facebook.com\/fotoboss.cz","https:\/\/www.instagram.com\/fotoboss.cz"]}]}},"_links":{"self":[{"href":"https:\/\/www.fotoboss.cz\/en\/wp-json\/wp\/v2\/pages\/240","targetHints":{"allow":["GET"]}}],"collection":[{"href":"https:\/\/www.fotoboss.cz\/en\/wp-json\/wp\/v2\/pages"}],"about":[{"href":"https:\/\/www.fotoboss.cz\/en\/wp-json\/wp\/v2\/types\/page"}],"author":[{"embeddable":true,"href":"https:\/\/www.fotoboss.cz\/en\/wp-json\/wp\/v2\/users\/1"}],"replies":[{"embeddable":true,"href":"https:\/\/www.fotoboss.cz\/en\/wp-json\/wp\/v2\/comments?post=240"}],"version-history":[{"count":1,"href":"https:\/\/www.fotoboss.cz\/en\/wp-json\/wp\/v2\/pages\/240\/revisions"}],"predecessor-version":[{"id":1119,"href":"https:\/\/www.fotoboss.cz\/en\/wp-json\/wp\/v2\/pages\/240\/revisions\/1119"}],"wp:attachment":[{"href":"https:\/\/www.fotoboss.cz\/en\/wp-json\/wp\/v2\/media?parent=240"}],"curies":[{"name":"wp","href":"https:\/\/api.w.org\/{rel}","templated":true}]}}