{"id":13,"date":"2022-04-22T15:08:06","date_gmt":"2022-04-22T13:08:06","guid":{"rendered":"http:\/\/www.fotoboss.cz\/?page_id=13"},"modified":"2024-01-09T19:53:31","modified_gmt":"2024-01-09T18:53:31","slug":"fotoboss","status":"publish","type":"page","link":"https:\/\/www.fotoboss.cz\/en\/","title":{"rendered":"Photoboss"},"content":{"rendered":"<h1>\n\t\tPHOTOBOSS - THE BOSS OF PHOTOBOOTHS.\n\t<\/h1>\n\t<p>A mobile photo booth for every occasion!<\/p>\n\t<p>All-in photo corner solution. What makes great photos beautiful? Combining professional technology with you and your friends to create a beautiful memory and recall the energy of powerful moments.<\/p>\n<h2>\n\t\tWeddings, events and celebrations? Photoboss!\n\t<\/h2>\n\t<p>Photo booths at celebrations and fun parties have their place. However, Fotoboss takes the fun in the photo booth to the next level. Everyone will love the unlimited digital background options and large selection of props. Be careful though, taking photos with Fotoboss can be very addictive! \ud83d\ude42<\/p>\n\t\t\t\t<img decoding=\"async\" src=\"http:\/\/www.fotoboss.cz\/wp-content\/uploads\/2022\/04\/svatba.jpg\" alt=\"Background 1\" itemprop=\"image\" title=\"wedding\" onerror=\"this.style.display='none'\"  \/>\n<h3>\n\t\tWeddings\n\t<\/h3>\n\t\t\t\t<img loading=\"lazy\" decoding=\"async\" src=\"https:\/\/www.fotoboss.cz\/wp-content\/uploads\/2022\/04\/icon-svatba.png\" alt=\"icon-wedding\" itemprop=\"image\" height=\"60\" width=\"60\" title=\"icon-wedding\" onerror=\"this.style.display='none'\"  \/>\n\t<p>Wedding is one of the most important events in our lives, evening entertainment and with it a photo booth inherently belong together. Instax may be great, but Fotoboss will impress and cheer up aunties, grandmas and grandpas too.<\/p>\n\t\t\t\t<img decoding=\"async\" src=\"http:\/\/www.fotoboss.cz\/wp-content\/uploads\/2022\/04\/narozeniny.jpg\" alt=\"Background 3\" itemprop=\"image\" title=\"Birthday\" onerror=\"this.style.display='none'\"  \/>\n<h3>\n\t\tCelebrations and birthdays\n\t<\/h3>\n\t\t\t\t<img decoding=\"async\" src=\"http:\/\/www.fotoboss.cz\/wp-content\/uploads\/2022\/04\/icon-oslavy.png\" alt=\"icon-celebrations\" itemprop=\"image\" title=\"icon-celebrations\" onerror=\"this.style.display='none'\"  \/>\n\t<p>Celebrations are not just about expensive gifts and gestures, but above all about sharing moments together with the people we love. Photos are a beautiful memory, but the fun you had while taking photos together is the main thing.<\/p>\n\t\t\t\t<img decoding=\"async\" src=\"http:\/\/www.fotoboss.cz\/wp-content\/uploads\/2022\/04\/firemni.jpg\" alt=\"Background 6\" itemprop=\"image\" title=\"Company\" onerror=\"this.style.display='none'\"  \/>\n<h3>\n\t\tCompany events\n\t<\/h3>\n\t\t\t\t<img decoding=\"async\" src=\"http:\/\/www.fotoboss.cz\/wp-content\/uploads\/2022\/04\/icon-firemni.png\" alt=\"icon-firm\" itemprop=\"image\" title=\"icon-firm\" onerror=\"this.style.display='none'\"  \/>\n\t<p>Company parties are about deepening relationships between employees and where better to get to know each other than at the source of great entertainment at a photo booth. Best of all, you can make fun of yourself, your boss and your colleagues.<\/p>\n\t\t\t\t<img decoding=\"async\" src=\"http:\/\/www.fotoboss.cz\/wp-content\/uploads\/2022\/04\/festival.jpg\" alt=\"Background 5\" itemprop=\"image\" title=\"festival\" onerror=\"this.style.display='none'\"  \/>\n<h3>\n\t\tFestivals and congresses\n\t<\/h3>\n\t\t\t\t<img decoding=\"async\" src=\"http:\/\/www.fotoboss.cz\/wp-content\/uploads\/2022\/04\/icon-festival.png\" alt=\"icon-festival\" itemprop=\"image\" title=\"icon-festival\" onerror=\"this.style.display='none'\"  \/>\n\t<p>A photo booth is not just for evening entertainment, but also for more formal events where you meet business partners. Photoboss is great for creating new friendships even where we keep a business distance.<\/p>\n\t\t\t\t<img decoding=\"async\" src=\"http:\/\/www.fotoboss.cz\/wp-content\/uploads\/2022\/04\/maturitni-ples.jpg\" alt=\"Background 4\" itemprop=\"image\" title=\"prom-ball\" onerror=\"this.style.display='none'\"  \/>\n<h3>\n\t\tProms\n\t<\/h3>\n\t\t\t\t<img decoding=\"async\" src=\"http:\/\/www.fotoboss.cz\/wp-content\/uploads\/2022\/04\/icon-maturitni.png\" alt=\"icon-maturity\" itemprop=\"image\" title=\"icon-maturity\" onerror=\"this.style.display='none'\"  \/>\n\t<p>Festive suits, embellished ball gowns, elaborate hair and makeup, and a bunch of classmates? You can't miss that in the photos! Take pictures again and again, Fotoboss is ready for you!<\/p>\n\t\t\t\t<img decoding=\"async\" src=\"http:\/\/www.fotoboss.cz\/wp-content\/uploads\/2022\/04\/vanocni-party.jpg\" alt=\"Background 2\" itemprop=\"image\" title=\"Christmas-party\" onerror=\"this.style.display='none'\"  \/>\n<h3>\n\t\tChristmas parties\n\t<\/h3>\n\t\t\t\t<img decoding=\"async\" src=\"http:\/\/www.fotoboss.cz\/wp-content\/uploads\/2022\/04\/icon-vanoce.png\" alt=\"icon-christmas\" itemprop=\"image\" title=\"icon-christmas\" onerror=\"this.style.display='none'\"  \/>\n\t<p>Christmas parties are all about friendship, love and fun. While you are having fun, Fotoboss will be hard at work! And what would a party be without Christmas decorations and props. Luckily, we have plenty of them!<\/p>\n<h2>\n\t\tWhat will it take?\n\t<\/h2>\n\t<p><strong>Space approx. 3 x 3 m<\/strong><\/p>\n\t<strong>Power supply 230V<br \/>\n<\/strong>\n\t<strong>Table for props<br \/>\n<\/strong>\n\t<strong>Wi-fi for photo sharing<br \/>\n<\/strong>\n<h2>\n\t\tAnd how easy is that? Mostly!\n\t<\/h2>\n<h3>\n\t\t1.\n\t<\/h3>\n\t<p>At the table with props you can choose what you like. You choose from several digital backgrounds and press START. A 5 second countdown now runs.<\/p>\n<h3>\n\t\t2.\n\t<\/h3>\n\t<p>Now comes the hardest moment, to strike the final pose and not blink! You can take multiple photos in a row to give you something to choose from.<\/p>\n<h3>\n\t\t3.\n\t<\/h3>\n\t<p>At the photo booth, you can print your chosen photo or have it sent to you via the Internet. That's it, it's that easy!<\/p>\n<h2>\n\t\tEverybody in front of the camera, the fun begins!\n\t<\/h2>\n\t<p>We are happy to introduce you to our Fotoboss. It's a little mobile studio all-in stuffed with professional equipment, that's why the resulting photos look so good and will last for years in your album! At the center of the photobooth is a sophisticated and user-friendly software that brings all the technology together and can deliver instant results. And it's the speed of the whole process that you'll appreciate at parties. Do you want to have fun or wait? With us, you don't wait!<\/p>\n\t<p><em>\"He's small, but smart!\"<\/em><\/p>\n\t\t\t\t<img decoding=\"async\" src=\"http:\/\/www.fotoboss.cz\/wp-content\/uploads\/2022\/04\/icon-rekvizity.png\" alt=\"icon-requirements\" itemprop=\"image\" title=\"icon-requirements\" onerror=\"this.style.display='none'\"  \/>\n<h3>\n\t\tProfessional Assistant\n\t<\/h3>\n\t<p>We will assemble the photo booth on site and prepare it for the event. The control of the photo booth is easy and intuitive, so everyone can handle it. If necessary, a trained assistant is available at all times.<\/p>\n\t\t\t\t<img decoding=\"async\" src=\"http:\/\/www.fotoboss.cz\/wp-content\/uploads\/2022\/04\/icon-location.png\" alt=\"icon-location\" itemprop=\"image\" title=\"icon-location\" onerror=\"this.style.display='none'\"  \/>\n<h3>\n\t\tShipping anywhere\n\t<\/h3>\n\t<p>Whether you are organizing an event in Prague or anywhere in the Czech Republic, we are fully mobile and will be happy to come to you. Even remote locations are not an obstacle for us.<\/p>\n\t\t\t\t<img loading=\"lazy\" decoding=\"async\" src=\"http:\/\/www.fotoboss.cz\/wp-content\/uploads\/2022\/04\/icon-pozadi.png\" alt=\"icon-see\" itemprop=\"image\" height=\"60\" width=\"60\" title=\"icon-see\" onerror=\"this.style.display='none'\"  \/>\n<h3>\n\t\tKey Background\n\t<\/h3>\n\t<p>Do you prefer balloons or the sea beach? With us, you choose with one click and Fotoboss does the rest for you. We can incorporate any digital background into your photo in real time.<\/p>\n\t\t\t\t<img loading=\"lazy\" decoding=\"async\" src=\"https:\/\/www.fotoboss.cz\/wp-content\/uploads\/2022\/05\/fotoboss-vizualizace.jpg\" alt=\"Photoboss - visualization\" itemprop=\"image\" height=\"882\" width=\"368\" title=\"Photoboss - visualization\" onerror=\"this.style.display='none'\"  \/>\n\t\t\t\t<img loading=\"lazy\" decoding=\"async\" src=\"http:\/\/www.fotoboss.cz\/wp-content\/uploads\/2022\/04\/icon-design.png\" alt=\"icon-design\" itemprop=\"image\" height=\"60\" width=\"60\" title=\"icon-design\" onerror=\"this.style.display='none'\"  \/>\n<h3>\n\t\tCustom logo\n\t<\/h3>\n\t<p>Do you want to have your logo, place or date on the photo? We are happy to prepare a frame according to your requirements, which we can then incorporate directly into all photos.<\/p>\n\t\t\t\t<img loading=\"lazy\" decoding=\"async\" src=\"http:\/\/www.fotoboss.cz\/wp-content\/uploads\/2022\/04\/icon-tisk.png\" alt=\"icon-print\" itemprop=\"image\" height=\"60\" width=\"60\" title=\"icon-print\" onerror=\"this.style.display='none'\"  \/>\n<h3>\n\t\tSuper fast printing\n\t<\/h3>\n\t<p>Better have fun and don't wait. Fotoboss can print a 10\u00d715 cm photo in 8 seconds in professional quality! In between, you can take the photo again. In short, you won't be bored!<\/p>\n\t\t\t\t<img loading=\"lazy\" decoding=\"async\" src=\"http:\/\/www.fotoboss.cz\/wp-content\/uploads\/2022\/04\/icon-rekvizity.png\" alt=\"icon-requirements\" itemprop=\"image\" height=\"60\" width=\"60\" title=\"icon-requirements\" onerror=\"this.style.display='none'\"  \/>\n<h3>\n\t\tFun props\n\t<\/h3>\n\t<p>We have so many props of our own making that you won't know which one to shoot with first. Props include funny signs, drinks, musical instruments, smiley faces, Christmas and wedding props.<\/p>\n\t\t\t\t<img decoding=\"async\" src=\"http:\/\/www.fotoboss.cz\/wp-content\/uploads\/2022\/04\/Branding-fotobudky-vlastni-design.jpg\" alt=\"Branding photo booths - custom design\" itemprop=\"image\" title=\"Branding-photo-booths-custom-design\" onerror=\"this.style.display='none'\"  \/>\n<h2>\n\t\tBranding of the photobooth\n\t<\/h2>\n\t<h3>custom design<\/h3>\n\t<p>The photoboss is elegant and perfect for any occasion. But what about dressing it up in corporate colours? No problem, we will prepare a design proposal and company logo placement, according to your specifications. Branding is especially suitable for promotional events where the photobooth is used by the company's clients.<\/p>\n\t\t\t<a href=\"https:\/\/www.fotoboss.cz\/en\/price-list\/#branding\" target=\"_self\" rel=\"noopener\">\n\t\t\t\t\t\t\tRead more\n\t\t\t<\/a>\n<h2>\n\t\tFeedback\n\t<\/h2>\n\t<p>They arrived, prepared a \"photo corner\", put on make-up, took pictures, left. Total independence. The photo shoot from our side was completely hassle-free, this is how I imagine a \"turnkey\" service. The result was great. I recommend.<\/p>\n\t\t\t\t<img decoding=\"async\" src=\"https:\/\/lite.demos.wpbeaverbuilder.com\/wp-content\/uploads\/sites\/28\/2020\/02\/photo-1558403194-611308249627-1-768x768-4.jpg\" alt=\"\" itemprop=\"image\" onerror=\"this.style.display='none'\"  \/>\n\t<strong>Zbyn\u011bk Stra\u0148\u00e1k<br \/>\n<\/strong>FNKV\n\t<p>For myself and my husband I can only recommend it! The photographer was very pleasant to deal with, the photos were quick and especially well done. He exceeded our expectations. We will be happy to come back \ud83d\ude42<\/p>\n\t\t\t\t<img decoding=\"async\" src=\"https:\/\/lite.demos.wpbeaverbuilder.com\/wp-content\/uploads\/sites\/28\/2020\/02\/photo-1552664730-d307ca884978-768x768-4.jpg\" alt=\"\" itemprop=\"image\" onerror=\"this.style.display='none'\"  \/>\n\t<strong>Thu Thao Vu<br \/>\n<\/strong>RealFin\n\t\t\t24\n\t\t\t\t\t\t\tSVATEB\n\t\t\t33\n\t\t\t\t\t\t\tOSLAV\n\t\t\t41\n\t\t\t\t\t\t\tCOMPANY EVENTS\n\t\t\t8\n\t\t\t\t\t\t\tCHRISTMAS PARTIES\n\t\t\t\t<img loading=\"lazy\" decoding=\"async\" src=\"https:\/\/www.fotoboss.cz\/wp-content\/uploads\/2022\/04\/aquapalace-praha.png\" alt=\"Aquapalace Prague\" itemprop=\"image\" height=\"223\" width=\"334\" title=\"Aquapalace Prague\" onerror=\"this.style.display='none'\"  \/>\n\t\t\t\t<img loading=\"lazy\" decoding=\"async\" src=\"https:\/\/www.fotoboss.cz\/wp-content\/uploads\/2022\/04\/palasino.png\" alt=\"palasino logo\" itemprop=\"image\" height=\"223\" width=\"334\" title=\"palasino logo\" onerror=\"this.style.display='none'\"  \/>\n\t\t\t\t<img loading=\"lazy\" decoding=\"async\" src=\"https:\/\/www.fotoboss.cz\/wp-content\/uploads\/2023\/01\/csob.png\" alt=\"csob logo\" itemprop=\"image\" height=\"223\" width=\"334\" title=\"csob logo\" onerror=\"this.style.display='none'\"  \/>\n\t\t\t\t<img decoding=\"async\" src=\"https:\/\/lite.demos.wpbeaverbuilder.com\/wp-content\/uploads\/sites\/28\/2020\/02\/logo-travel-7.png\" alt=\"\" itemprop=\"image\" onerror=\"this.style.display='none'\"  \/>\n\t\t\t\t<img decoding=\"async\" src=\"https:\/\/lite.demos.wpbeaverbuilder.com\/wp-content\/uploads\/sites\/28\/2020\/02\/logo-justin-3.png\" alt=\"\" itemprop=\"image\" onerror=\"this.style.display='none'\"  \/>\n\t\t\t\t<img decoding=\"async\" src=\"https:\/\/lite.demos.wpbeaverbuilder.com\/wp-content\/uploads\/sites\/28\/2020\/02\/logo-atr.png\" alt=\"\" itemprop=\"image\" onerror=\"this.style.display='none'\"  \/>\n<h2>\n\t\tBook your appointment\n\t<\/h2>\n\t<p>Feel free to book through the contact form or call. We recommend making an appointment in advance so that we have an available date for you.<\/p>","protected":false},"excerpt":{"rendered":"<p>PHOTOBOSS - THE BOSS OF PHOTOBOOTHS. A mobile photo booth for every occasion! All-in photo booth solution. What makes great photos beautiful? Combining professional technology with you and your friends will create a beautiful memory and recall the energy of powerful moments. Weddings, events and celebrations? Photoboss! Photobooths have their place at celebrations and fun parties. However, Fotoboss takes the fun of the photo booth [...]<\/p>","protected":false},"author":1,"featured_media":0,"parent":0,"menu_order":0,"comment_status":"closed","ping_status":"closed","template":"","meta":{"site-sidebar-layout":"default","site-content-layout":"","ast-site-content-layout":"default","site-content-style":"default","site-sidebar-style":"default","ast-global-header-display":"","ast-banner-title-visibility":"","ast-main-header-display":"","ast-hfb-above-header-display":"","ast-hfb-below-header-display":"","ast-hfb-mobile-header-display":"","site-post-title":"","ast-breadcrumbs-content":"","ast-featured-img":"","footer-sml-layout":"","ast-disable-related-posts":"","theme-transparent-header-meta":"","adv-header-id-meta":"","stick-header-meta":"","header-above-stick-meta":"","header-main-stick-meta":"","header-below-stick-meta":"","astra-migrate-meta-layouts":"set","ast-page-background-enabled":"default","ast-page-background-meta":{"desktop":{"background-color":"var(--ast-global-color-4)","background-image":"","background-repeat":"repeat","background-position":"center center","background-size":"auto","background-attachment":"scroll","background-type":"","background-media":"","overlay-type":"","overlay-color":"","overlay-opacity":"","overlay-gradient":""},"tablet":{"background-color":"","background-image":"","background-repeat":"repeat","background-position":"center center","background-size":"auto","background-attachment":"scroll","background-type":"","background-media":"","overlay-type":"","overlay-color":"","overlay-opacity":"","overlay-gradient":""},"mobile":{"background-color":"","background-image":"","background-repeat":"repeat","background-position":"center center","background-size":"auto","background-attachment":"scroll","background-type":"","background-media":"","overlay-type":"","overlay-color":"","overlay-opacity":"","overlay-gradient":""}},"ast-content-background-meta":{"desktop":{"background-color":"var(--ast-global-color-5)","background-image":"","background-repeat":"repeat","background-position":"center center","background-size":"auto","background-attachment":"scroll","background-type":"","background-media":"","overlay-type":"","overlay-color":"","overlay-opacity":"","overlay-gradient":""},"tablet":{"background-color":"var(--ast-global-color-5)","background-image":"","background-repeat":"repeat","background-position":"center center","background-size":"auto","background-attachment":"scroll","background-type":"","background-media":"","overlay-type":"","overlay-color":"","overlay-opacity":"","overlay-gradient":""},"mobile":{"background-color":"var(--ast-global-color-5)","background-image":"","background-repeat":"repeat","background-position":"center center","background-size":"auto","background-attachment":"scroll","background-type":"","background-media":"","overlay-type":"","overlay-color":"","overlay-opacity":"","overlay-gradient":""}},"footnotes":""},"class_list":["post-13","page","type-page","status-publish","hentry"],"yoast_head":"<!-- This site is optimized with the Yoast SEO plugin v27.4 - https:\/\/yoast.com\/product\/yoast-seo-wordpress\/ -->\n<title>Fotobudka pro ka\u017edou p\u00e1rty! | FOTOBOSS<\/title>\n<meta name=\"description\" content=\"Kompletn\u00ed zaji\u0161t\u011bn\u00ed fotokoutku pro svatby, narozeniny, oslavy, v\u00e1no\u010dn\u00ed ve\u010d\u00edrky a maturitn\u00ed plesy. Bohat\u00fd v\u00fdb\u011br rekvizit a fotopozad\u00ed.\" \/>\n<meta name=\"robots\" content=\"index, follow, max-snippet:-1, max-image-preview:large, max-video-preview:-1\" \/>\n<link rel=\"canonical\" href=\"https:\/\/www.fotoboss.cz\/en\/\" \/>\n<meta property=\"og:locale\" content=\"en_US\" \/>\n<meta property=\"og:type\" content=\"article\" \/>\n<meta property=\"og:title\" content=\"Fotobudka pro ka\u017edou p\u00e1rty! | FOTOBOSS\" \/>\n<meta property=\"og:description\" content=\"Kompletn\u00ed zaji\u0161t\u011bn\u00ed fotokoutku pro svatby, narozeniny, oslavy, v\u00e1no\u010dn\u00ed ve\u010d\u00edrky a maturitn\u00ed plesy. Bohat\u00fd v\u00fdb\u011br rekvizit a fotopozad\u00ed.\" \/>\n<meta property=\"og:url\" content=\"https:\/\/www.fotoboss.cz\/en\/\" \/>\n<meta property=\"og:site_name\" content=\"FOTOBOSS\" \/>\n<meta property=\"article:publisher\" content=\"https:\/\/www.facebook.com\/fotoboss.cz\" \/>\n<meta property=\"article:modified_time\" content=\"2024-01-09T18:53:31+00:00\" \/>\n<meta property=\"og:image\" content=\"http:\/\/www.fotoboss.cz\/wp-content\/uploads\/2022\/04\/svatba.jpg\" \/>\n<meta name=\"twitter:card\" content=\"summary_large_image\" \/>\n<meta name=\"twitter:label1\" content=\"Est. reading time\" \/>\n\t<meta name=\"twitter:data1\" content=\"11 minutes\" \/>\n<script type=\"application\/ld+json\" class=\"yoast-schema-graph\">{\"@context\":\"https:\\\/\\\/schema.org\",\"@graph\":[{\"@type\":\"WebPage\",\"@id\":\"https:\\\/\\\/www.fotoboss.cz\\\/\",\"url\":\"https:\\\/\\\/www.fotoboss.cz\\\/\",\"name\":\"Fotobudka pro ka\u017edou p\u00e1rty! | FOTOBOSS\",\"isPartOf\":{\"@id\":\"https:\\\/\\\/www.fotoboss.cz\\\/#website\"},\"primaryImageOfPage\":{\"@id\":\"https:\\\/\\\/www.fotoboss.cz\\\/#primaryimage\"},\"image\":{\"@id\":\"https:\\\/\\\/www.fotoboss.cz\\\/#primaryimage\"},\"thumbnailUrl\":\"http:\\\/\\\/www.fotoboss.cz\\\/wp-content\\\/uploads\\\/2022\\\/04\\\/svatba.jpg\",\"datePublished\":\"2022-04-22T13:08:06+00:00\",\"dateModified\":\"2024-01-09T18:53:31+00:00\",\"description\":\"Kompletn\u00ed zaji\u0161t\u011bn\u00ed fotokoutku pro svatby, narozeniny, oslavy, v\u00e1no\u010dn\u00ed ve\u010d\u00edrky a maturitn\u00ed plesy. Bohat\u00fd v\u00fdb\u011br rekvizit a fotopozad\u00ed.\",\"breadcrumb\":{\"@id\":\"https:\\\/\\\/www.fotoboss.cz\\\/#breadcrumb\"},\"inLanguage\":\"en-US\",\"potentialAction\":[{\"@type\":\"ReadAction\",\"target\":[\"https:\\\/\\\/www.fotoboss.cz\\\/\"]}]},{\"@type\":\"ImageObject\",\"inLanguage\":\"en-US\",\"@id\":\"https:\\\/\\\/www.fotoboss.cz\\\/#primaryimage\",\"url\":\"http:\\\/\\\/www.fotoboss.cz\\\/wp-content\\\/uploads\\\/2022\\\/04\\\/svatba.jpg\",\"contentUrl\":\"http:\\\/\\\/www.fotoboss.cz\\\/wp-content\\\/uploads\\\/2022\\\/04\\\/svatba.jpg\"},{\"@type\":\"BreadcrumbList\",\"@id\":\"https:\\\/\\\/www.fotoboss.cz\\\/#breadcrumb\",\"itemListElement\":[{\"@type\":\"ListItem\",\"position\":1,\"name\":\"Dom\u016f\",\"item\":\"https:\\\/\\\/www.fotoboss.cz\\\/\"},{\"@type\":\"ListItem\",\"position\":2,\"name\":\"Fotoboss\"}]},{\"@type\":\"WebSite\",\"@id\":\"https:\\\/\\\/www.fotoboss.cz\\\/#website\",\"url\":\"https:\\\/\\\/www.fotoboss.cz\\\/\",\"name\":\"FOTOBOSS\",\"description\":\"Fotokoutek pro ka\u017edou p\u00e1rty!\",\"publisher\":{\"@id\":\"https:\\\/\\\/www.fotoboss.cz\\\/#organization\"},\"potentialAction\":[{\"@type\":\"SearchAction\",\"target\":{\"@type\":\"EntryPoint\",\"urlTemplate\":\"https:\\\/\\\/www.fotoboss.cz\\\/?s={search_term_string}\"},\"query-input\":{\"@type\":\"PropertyValueSpecification\",\"valueRequired\":true,\"valueName\":\"search_term_string\"}}],\"inLanguage\":\"en-US\"},{\"@type\":\"Organization\",\"@id\":\"https:\\\/\\\/www.fotoboss.cz\\\/#organization\",\"name\":\"Fotoboss\",\"url\":\"https:\\\/\\\/www.fotoboss.cz\\\/\",\"logo\":{\"@type\":\"ImageObject\",\"inLanguage\":\"en-US\",\"@id\":\"https:\\\/\\\/www.fotoboss.cz\\\/#\\\/schema\\\/logo\\\/image\\\/\",\"url\":\"https:\\\/\\\/www.fotoboss.cz\\\/wp-content\\\/uploads\\\/2022\\\/04\\\/icon-fotoboss.png\",\"contentUrl\":\"https:\\\/\\\/www.fotoboss.cz\\\/wp-content\\\/uploads\\\/2022\\\/04\\\/icon-fotoboss.png\",\"width\":256,\"height\":256,\"caption\":\"Fotoboss\"},\"image\":{\"@id\":\"https:\\\/\\\/www.fotoboss.cz\\\/#\\\/schema\\\/logo\\\/image\\\/\"},\"sameAs\":[\"https:\\\/\\\/www.facebook.com\\\/fotoboss.cz\",\"https:\\\/\\\/www.instagram.com\\\/fotoboss.cz\"]}]}<\/script>\n<!-- \/ Yoast SEO plugin. -->","yoast_head_json":{"title":"Fotobudka pro ka\u017edou p\u00e1rty! | FOTOBOSS","description":"Kompletn\u00ed zaji\u0161t\u011bn\u00ed fotokoutku pro svatby, narozeniny, oslavy, v\u00e1no\u010dn\u00ed ve\u010d\u00edrky a maturitn\u00ed plesy. Bohat\u00fd v\u00fdb\u011br rekvizit a fotopozad\u00ed.","robots":{"index":"index","follow":"follow","max-snippet":"max-snippet:-1","max-image-preview":"max-image-preview:large","max-video-preview":"max-video-preview:-1"},"canonical":"https:\/\/www.fotoboss.cz\/en\/","og_locale":"en_US","og_type":"article","og_title":"Fotobudka pro ka\u017edou p\u00e1rty! | FOTOBOSS","og_description":"Kompletn\u00ed zaji\u0161t\u011bn\u00ed fotokoutku pro svatby, narozeniny, oslavy, v\u00e1no\u010dn\u00ed ve\u010d\u00edrky a maturitn\u00ed plesy. Bohat\u00fd v\u00fdb\u011br rekvizit a fotopozad\u00ed.","og_url":"https:\/\/www.fotoboss.cz\/en\/","og_site_name":"FOTOBOSS","article_publisher":"https:\/\/www.facebook.com\/fotoboss.cz","article_modified_time":"2024-01-09T18:53:31+00:00","og_image":[{"url":"http:\/\/www.fotoboss.cz\/wp-content\/uploads\/2022\/04\/svatba.jpg","type":"","width":"","height":""}],"twitter_card":"summary_large_image","twitter_misc":{"Est. reading time":"11 minutes"},"schema":{"@context":"https:\/\/schema.org","@graph":[{"@type":"WebPage","@id":"https:\/\/www.fotoboss.cz\/","url":"https:\/\/www.fotoboss.cz\/","name":"Fotobudka pro ka\u017edou p\u00e1rty! | FOTOBOSS","isPartOf":{"@id":"https:\/\/www.fotoboss.cz\/#website"},"primaryImageOfPage":{"@id":"https:\/\/www.fotoboss.cz\/#primaryimage"},"image":{"@id":"https:\/\/www.fotoboss.cz\/#primaryimage"},"thumbnailUrl":"http:\/\/www.fotoboss.cz\/wp-content\/uploads\/2022\/04\/svatba.jpg","datePublished":"2022-04-22T13:08:06+00:00","dateModified":"2024-01-09T18:53:31+00:00","description":"Kompletn\u00ed zaji\u0161t\u011bn\u00ed fotokoutku pro svatby, narozeniny, oslavy, v\u00e1no\u010dn\u00ed ve\u010d\u00edrky a maturitn\u00ed plesy. Bohat\u00fd v\u00fdb\u011br rekvizit a fotopozad\u00ed.","breadcrumb":{"@id":"https:\/\/www.fotoboss.cz\/#breadcrumb"},"inLanguage":"en-US","potentialAction":[{"@type":"ReadAction","target":["https:\/\/www.fotoboss.cz\/"]}]},{"@type":"ImageObject","inLanguage":"en-US","@id":"https:\/\/www.fotoboss.cz\/#primaryimage","url":"http:\/\/www.fotoboss.cz\/wp-content\/uploads\/2022\/04\/svatba.jpg","contentUrl":"http:\/\/www.fotoboss.cz\/wp-content\/uploads\/2022\/04\/svatba.jpg"},{"@type":"BreadcrumbList","@id":"https:\/\/www.fotoboss.cz\/#breadcrumb","itemListElement":[{"@type":"ListItem","position":1,"name":"Dom\u016f","item":"https:\/\/www.fotoboss.cz\/"},{"@type":"ListItem","position":2,"name":"Fotoboss"}]},{"@type":"WebSite","@id":"https:\/\/www.fotoboss.cz\/#website","url":"https:\/\/www.fotoboss.cz\/","name":"FOTOBOSS","description":"Fotokoutek pro ka\u017edou p\u00e1rty!","publisher":{"@id":"https:\/\/www.fotoboss.cz\/#organization"},"potentialAction":[{"@type":"SearchAction","target":{"@type":"EntryPoint","urlTemplate":"https:\/\/www.fotoboss.cz\/?s={search_term_string}"},"query-input":{"@type":"PropertyValueSpecification","valueRequired":true,"valueName":"search_term_string"}}],"inLanguage":"en-US"},{"@type":"Organization","@id":"https:\/\/www.fotoboss.cz\/#organization","name":"Fotoboss","url":"https:\/\/www.fotoboss.cz\/","logo":{"@type":"ImageObject","inLanguage":"en-US","@id":"https:\/\/www.fotoboss.cz\/#\/schema\/logo\/image\/","url":"https:\/\/www.fotoboss.cz\/wp-content\/uploads\/2022\/04\/icon-fotoboss.png","contentUrl":"https:\/\/www.fotoboss.cz\/wp-content\/uploads\/2022\/04\/icon-fotoboss.png","width":256,"height":256,"caption":"Fotoboss"},"image":{"@id":"https:\/\/www.fotoboss.cz\/#\/schema\/logo\/image\/"},"sameAs":["https:\/\/www.facebook.com\/fotoboss.cz","https:\/\/www.instagram.com\/fotoboss.cz"]}]}},"_links":{"self":[{"href":"https:\/\/www.fotoboss.cz\/en\/wp-json\/wp\/v2\/pages\/13","targetHints":{"allow":["GET"]}}],"collection":[{"href":"https:\/\/www.fotoboss.cz\/en\/wp-json\/wp\/v2\/pages"}],"about":[{"href":"https:\/\/www.fotoboss.cz\/en\/wp-json\/wp\/v2\/types\/page"}],"author":[{"embeddable":true,"href":"https:\/\/www.fotoboss.cz\/en\/wp-json\/wp\/v2\/users\/1"}],"replies":[{"embeddable":true,"href":"https:\/\/www.fotoboss.cz\/en\/wp-json\/wp\/v2\/comments?post=13"}],"version-history":[{"count":0,"href":"https:\/\/www.fotoboss.cz\/en\/wp-json\/wp\/v2\/pages\/13\/revisions"}],"wp:attachment":[{"href":"https:\/\/www.fotoboss.cz\/en\/wp-json\/wp\/v2\/media?parent=13"}],"curies":[{"name":"wp","href":"https:\/\/api.w.org\/{rel}","templated":true}]}}