{"id":986,"date":"2023-01-15T14:18:02","date_gmt":"2023-01-15T13:18:02","guid":{"rendered":"https:\/\/www.fotoboss.cz\/?page_id=986"},"modified":"2023-01-30T16:54:35","modified_gmt":"2023-01-30T15:54:35","slug":"fotokoutek-na-svatbu","status":"publish","type":"page","link":"https:\/\/www.fotoboss.cz\/de\/fotobox-fur-die-hochzeit\/","title":{"rendered":"Fotobox f\u00fcr die Hochzeit"},"content":{"rendered":"<h2>\n\t\tM\u00f6chten Sie die Hochzeit mit Ihren G\u00e4sten genie\u00dfen? Fotobox wird es m\u00f6glich machen!\n\t<\/h2>\n\t<p>Die Hochzeitsg\u00e4ste k\u00f6nnen ihre Fotos als Souvenir ausdrucken oder sie online mit ihren Freunden und Verwandten teilen. FOTOBOSS kann eine gute M\u00f6glichkeit sein, die Hochzeitsg\u00e4ste abzulenken, w\u00e4hrend sie auf den n\u00e4chsten Teil der Hochzeit oder das Abendessen warten.<\/p>\n<h1>\n\t\tFotobox f\u00fcr die Hochzeit\n\t<\/h1>\n\t<p>Ein Fotoautomat erm\u00f6glicht es den Hochzeitsg\u00e4sten, Gruppenfotos zu machen, was eine gro\u00dfartige Gelegenheit f\u00fcr Familien- und Freundschaftsbeziehungen ist. Ein weiterer Vorteil der Anmietung eines Fotoautomaten bei einer Hochzeit ist, dass er M\u00f6glichkeiten f\u00fcr kreative Fotos bietet, im Gegensatz zu Fotos, die beispielsweise mit dem Handy gemacht werden. Den Hochzeitsg\u00e4sten steht eine Vielzahl von Requisiten und Hintergr\u00fcnden zur Verf\u00fcgung, mit denen sie originelle und lustige Fotos machen k\u00f6nnen.<\/p>\n<h2>\n\t\tEin Fotobox auf einer Hochzeit ist nur eine weitere langweilige Aktivit\u00e4t?\n\t<\/h2>\n\t<p>Falsch! Eine Fotokabine auf Ihrer Hochzeit bringt viele Vorteile mit sich, die dazu beitragen, dass Ihre Hochzeit noch mehr Spa\u00df macht und in Erinnerung bleibt. Einer der gr\u00f6\u00dften Vorteile ist, dass die G\u00e4ste die Hochzeit auf unterhaltsame Weise genie\u00dfen k\u00f6nnen. Eine Fotokabine erm\u00f6glicht es Ihnen, sch\u00f6ne Erinnerungen an Ihre besondere Hochzeit zu schaffen. Dar\u00fcber hinaus k\u00f6nnen die G\u00e4ste ihre Fotos als Andenken erhalten, die sie ausdrucken oder online weitergeben k\u00f6nnen.<\/p>\n<h2>\n\t\tWarum ist das Mieten eines Fotobox besser als eine Instax oder Polaroid?\n\t<\/h2>\n\t<p>Beide haben ihre Vor- und Nachteile. Bei Instax-Fotos liegt der Vorteil einer Fotokabine vor allem im g\u00fcnstigeren Preis, auch wenn das Ergebnis nicht so eindeutig ist. Wenn Sie sich f\u00fcr einen Instax-Fotoautomaten entscheiden, m\u00fcssen Sie viel Fotopapier einplanen, das teuer ist. Sie m\u00fcssen auch Requisiten, Dekorationen und einen geeigneten Hintergrund bereitstellen. Die Vorteile unserer Fotokabine im Vergleich sind:<\/p>\n<ul>\n<li>\n<ul>\n<li>Weitwinkelaufnahme f\u00fcr gro\u00dfe Gruppen<\/li>\n<li>Fotoqualit\u00e4t<\/li>\n<li>Digitale Freigabeoption<\/li>\n<li>Abmessungen des Fotos 10 x 15 cm<\/li>\n<li>Option zum \u00c4ndern des Hintergrunds<\/li>\n<li>Eine Vielzahl von Requisiten f\u00fcr kreative Fotos<\/li>\n<li>Professionelle Studioleuchte<\/li>\n<li>Freundlicher Service<\/li>\n<\/ul>\n<\/li>\n<\/ul>\n\t\t\t\t<img loading=\"lazy\" decoding=\"async\" src=\"https:\/\/www.fotoboss.cz\/wp-content\/uploads\/2023\/01\/svatebni-fotobudka-funkce.jpg\" alt=\"hochzeitsfoto-stand-funktion\" itemprop=\"image\" title=\"hochzeitsfoto-stand-funktion\" onerror=\"this.style.display='none'\" width=\"480\" height=\"720\">\n\t<p>W\u00e4hlen Sie die Requisiten, die Sie bevorzugen. Wir k\u00f6nnen auch <a href=\"https:\/\/www.fotoboss.cz\/de\/requisiten-fur\/\">Requisitens\u00e4tze<\/a> auf Anfrage!<\/p>\n<h2>\n\t\tAlle vor die Kamera, und der Spa\u00df beginnt!\n\t<\/h2>\n\t<p>Wir freuen uns, Ihnen unseren Fotoboss vorstellen zu k\u00f6nnen. Es ist ein kleines mobiles Studio, vollgestopft mit professioneller Ausr\u00fcstung. Deshalb sehen die Fotos auch so gut aus und halten sich jahrelang in Ihrem Album! Das Herzst\u00fcck des Fotobosses ist eine ausgekl\u00fcgelte und benutzerfreundliche Software, die die gesamte Technik zusammenf\u00fchrt und sofortige Ergebnisse liefert. Und es ist die Geschwindigkeit des gesamten Prozesses, die Sie auf Partys zu sch\u00e4tzen wissen werden. Willst du Spa\u00df haben oder warten? Mit uns warten Sie nicht!<\/p>\n\t<p><em>\"Er ist klein, aber schlau!\"<\/em><\/p>\n\t\t\t\t<img decoding=\"async\" src=\"http:\/\/www.fotoboss.cz\/wp-content\/uploads\/2022\/04\/icon-rekvizity.png\" alt=\"Icon-Anforderungen\" itemprop=\"image\" title=\"Icon-Anforderungen\" onerror=\"this.style.display='none'\">\n<h3>\n\t\tProfessioneller Assistent\n\t<\/h3>\n\t<p>Wir bauen die Fotokabine vor Ort auf und bereiten sie f\u00fcr die Veranstaltung vor. Die Steuerung der Fotokabine ist einfach und intuitiv, so dass jeder damit umgehen kann. Bei Bedarf steht jederzeit ein geschulter Assistent zur Verf\u00fcgung.<\/p>\n\t\t\t\t<img decoding=\"async\" src=\"http:\/\/www.fotoboss.cz\/wp-content\/uploads\/2022\/04\/icon-location.png\" alt=\"Icon-Standort\" itemprop=\"image\" title=\"Icon-Standort\" onerror=\"this.style.display='none'\">\n<h3>\n\t\tVersand \u00fcberall\n\t<\/h3>\n\t<p>Ob Sie eine Veranstaltung in Prag oder irgendwo in der Tschechischen Republik organisieren, wir sind voll mobil und kommen gerne zu Ihnen. Auch abgelegene Orte sind f\u00fcr uns kein Hindernis.<\/p>\n\t\t\t\t<img loading=\"lazy\" decoding=\"async\" src=\"http:\/\/www.fotoboss.cz\/wp-content\/uploads\/2022\/04\/icon-pozadi.png\" alt=\"Icon - siehe\" itemprop=\"image\" title=\"Icon - siehe\" onerror=\"this.style.display='none'\" width=\"60\" height=\"60\">\n<h3>\n\t\tWichtiger Hintergrund\n\t<\/h3>\n\t<p>Bevorzugen Sie Luftballons oder den Meeresstrand? Bei uns w\u00e4hlen Sie mit einem Klick und Fotoboss erledigt den Rest f\u00fcr Sie. Wir k\u00f6nnen jeden digitalen Hintergrund in Echtzeit in Ihr Foto einbauen.<\/p>\n\t\t\t\t<img loading=\"lazy\" decoding=\"async\" src=\"https:\/\/www.fotoboss.cz\/wp-content\/uploads\/2022\/05\/fotoboss-vizualizace.jpg\" alt=\"Photoboss - Visualisierung\" itemprop=\"image\" title=\"Photoboss - Visualisierung\" onerror=\"this.style.display='none'\" width=\"368\" height=\"882\">\n\t\t\t\t<img loading=\"lazy\" decoding=\"async\" src=\"http:\/\/www.fotoboss.cz\/wp-content\/uploads\/2022\/04\/icon-design.png\" alt=\"Ikonengestaltung\" itemprop=\"image\" title=\"Ikonengestaltung\" onerror=\"this.style.display='none'\" width=\"60\" height=\"60\">\n<h3>\n\t\tBenutzerdefiniertes Logo\n\t<\/h3>\n\t<p>M\u00f6chten Sie Ihr Logo, Ihren Ort oder Ihr Datum auf dem Foto haben? Gerne bereiten wir Ihnen einen Rahmen nach Ihren W\u00fcnschen vor, den wir dann direkt in alle Fotos einarbeiten k\u00f6nnen.<\/p>\n\t\t\t\t<img loading=\"lazy\" decoding=\"async\" src=\"http:\/\/www.fotoboss.cz\/wp-content\/uploads\/2022\/04\/icon-tisk.png\" alt=\"Icon-Druck\" itemprop=\"image\" title=\"Icon-Druck\" onerror=\"this.style.display='none'\" width=\"60\" height=\"60\">\n<h3>\n\t\tSuperschneller Druck\n\t<\/h3>\n\t<p>Viel Spa\u00df und warten Sie nicht. Fotoboss kann ein 10\u00d715 cm gro\u00dfes Foto in 8 Sekunden in professioneller Qualit\u00e4t drucken! Zwischendurch k\u00f6nnen Sie das Foto erneut aufnehmen. Kurzum, Sie werden sich nicht langweilen!<\/p>\n\t\t\t\t<img loading=\"lazy\" decoding=\"async\" src=\"http:\/\/www.fotoboss.cz\/wp-content\/uploads\/2022\/04\/icon-rekvizity.png\" alt=\"Icon-Anforderungen\" itemprop=\"image\" title=\"Icon-Anforderungen\" onerror=\"this.style.display='none'\" width=\"60\" height=\"60\">\n<h3>\n\t\tLustige Requisiten\n\t<\/h3>\n\t<p>Wir haben so viele selbstgemachte Requisiten, dass man gar nicht wei\u00df, mit welchem man zuerst drehen soll. Zu den Requisiten geh\u00f6ren lustige Schilder, Getr\u00e4nke, Musikinstrumente, Smiley-Gesichter, Weihnachts- und Hochzeitsrequisiten.<\/p>\n\t\t\t\t<img decoding=\"async\" src=\"http:\/\/www.fotoboss.cz\/wp-content\/uploads\/2022\/04\/Branding-fotobudky-vlastni-design.jpg\" alt=\"Branding-Fotokabinen - individuelle Gestaltung\" itemprop=\"image\" title=\"Branding-Fotost\u00e4nde-Ma\u00dfanfertigung\" onerror=\"this.style.display='none'\">\n<h2>\n\t\tBranding der Fotokabine\n\t<\/h2>\n\t<h3>kundenspezifisches Design<\/h3>\n\t<p>Der Photoboss ist elegant und perfekt f\u00fcr jeden Anlass. Aber wie w\u00e4re es, wenn man sie in den Farben des Unternehmens kleidet? Kein Problem, wir erstellen Ihnen einen Designvorschlag und platzieren Ihr Firmenlogo nach Ihren Vorgaben. Das Branding eignet sich besonders f\u00fcr Werbeveranstaltungen, bei denen das Photobooth von den Kunden des Unternehmens genutzt wird.<\/p>\n\t\t\t<a href=\"https:\/\/www.fotoboss.cz\/de\/preisliste\/#branding\" target=\"_self\" role=\"button\" rel=\"noopener\">\n\t\t\t\t\t\t\tMehr nehmen\n\t\t\t<\/a>\n<h2>\n\t\tWas ist n\u00f6tig?\n\t<\/h2>\n\t<p><strong>Fl\u00e4che ca. 3 x 3 m<\/strong><\/p>\n\t<strong>Stromversorgung 230V<br>\n<\/strong>\n\t<strong>Tisch f\u00fcr Requisiten<br>\n<\/strong>\n\t<strong>Wi-fi f\u00fcr die gemeinsame Nutzung von Fotos<br>\n<\/strong>\n<h2>\n\t\tBuchen Sie Ihren Termin\n\t<\/h2>\n\t<p>Sie k\u00f6nnen \u00fcber das Kontaktformular oder telefonisch buchen. Wir empfehlen, einen Termin im Voraus zu vereinbaren, damit wir einen freien Termin f\u00fcr Sie haben.<\/p>","protected":false},"excerpt":{"rendered":"<p>M\u00f6chten Sie die Hochzeit mit Ihren G\u00e4sten genie\u00dfen? Fotokoutek macht es m\u00f6glich! Die Hochzeitsg\u00e4ste k\u00f6nnen ihre Fotos als Souvenir ausdrucken oder sie online mit ihren Freunden und Familienmitgliedern teilen. Ein Photobooth kann eine gute M\u00f6glichkeit sein, die Hochzeitsg\u00e4ste abzulenken, w\u00e4hrend sie auf andere Teile der Hochzeit oder das Abendessen warten. Ein Photobooth f\u00fcr die Hochzeit Ein Photobooth erm\u00f6glicht es den Hochzeitsg\u00e4sten, Gruppenfotos zu machen, die [...]<\/p>","protected":false},"author":1,"featured_media":0,"parent":0,"menu_order":0,"comment_status":"closed","ping_status":"closed","template":"","meta":{"site-sidebar-layout":"default","site-content-layout":"","ast-site-content-layout":"default","site-content-style":"default","site-sidebar-style":"default","ast-global-header-display":"","ast-banner-title-visibility":"","ast-main-header-display":"","ast-hfb-above-header-display":"","ast-hfb-below-header-display":"","ast-hfb-mobile-header-display":"","site-post-title":"","ast-breadcrumbs-content":"","ast-featured-img":"","footer-sml-layout":"","ast-disable-related-posts":"","theme-transparent-header-meta":"","adv-header-id-meta":"","stick-header-meta":"","header-above-stick-meta":"","header-main-stick-meta":"","header-below-stick-meta":"","astra-migrate-meta-layouts":"default","ast-page-background-enabled":"default","ast-page-background-meta":{"desktop":{"background-color":"var(--ast-global-color-4)","background-image":"","background-repeat":"repeat","background-position":"center center","background-size":"auto","background-attachment":"scroll","background-type":"","background-media":"","overlay-type":"","overlay-color":"","overlay-opacity":"","overlay-gradient":""},"tablet":{"background-color":"","background-image":"","background-repeat":"repeat","background-position":"center center","background-size":"auto","background-attachment":"scroll","background-type":"","background-media":"","overlay-type":"","overlay-color":"","overlay-opacity":"","overlay-gradient":""},"mobile":{"background-color":"","background-image":"","background-repeat":"repeat","background-position":"center center","background-size":"auto","background-attachment":"scroll","background-type":"","background-media":"","overlay-type":"","overlay-color":"","overlay-opacity":"","overlay-gradient":""}},"ast-content-background-meta":{"desktop":{"background-color":"var(--ast-global-color-5)","background-image":"","background-repeat":"repeat","background-position":"center center","background-size":"auto","background-attachment":"scroll","background-type":"","background-media":"","overlay-type":"","overlay-color":"","overlay-opacity":"","overlay-gradient":""},"tablet":{"background-color":"var(--ast-global-color-5)","background-image":"","background-repeat":"repeat","background-position":"center center","background-size":"auto","background-attachment":"scroll","background-type":"","background-media":"","overlay-type":"","overlay-color":"","overlay-opacity":"","overlay-gradient":""},"mobile":{"background-color":"var(--ast-global-color-5)","background-image":"","background-repeat":"repeat","background-position":"center center","background-size":"auto","background-attachment":"scroll","background-type":"","background-media":"","overlay-type":"","overlay-color":"","overlay-opacity":"","overlay-gradient":""}},"footnotes":""},"class_list":["post-986","page","type-page","status-publish","hentry"],"yoast_head":"<!-- This site is optimized with the Yoast SEO plugin v27.6 - https:\/\/yoast.com\/product\/yoast-seo-wordpress\/ -->\n<title>Fotokoutek na svatbu | FOTOBOSS<\/title>\n<meta name=\"description\" content=\"Bohat\u00fd v\u00fdb\u011br svatebn\u00edch rekvizit. Rychl\u00fd a profesion\u00e1ln\u00ed tisk. Mo\u017enost kl\u00ed\u010dovac\u00edho pozad\u00ed se svatebn\u00edmi motivy. T\u011b\u0161\u00edme se na V\u00e1s!\" \/>\n<meta name=\"robots\" content=\"index, follow, max-snippet:-1, max-image-preview:large, max-video-preview:-1\" \/>\n<link rel=\"canonical\" href=\"https:\/\/www.fotoboss.cz\/de\/fotobox-fur-die-hochzeit\/\" \/>\n<meta property=\"og:locale\" content=\"de_DE\" \/>\n<meta property=\"og:type\" content=\"article\" \/>\n<meta property=\"og:title\" content=\"Fotokoutek na svatbu | FOTOBOSS\" \/>\n<meta property=\"og:description\" content=\"Bohat\u00fd v\u00fdb\u011br svatebn\u00edch rekvizit. Rychl\u00fd a profesion\u00e1ln\u00ed tisk. Mo\u017enost kl\u00ed\u010dovac\u00edho pozad\u00ed se svatebn\u00edmi motivy. T\u011b\u0161\u00edme se na V\u00e1s!\" \/>\n<meta property=\"og:url\" content=\"https:\/\/www.fotoboss.cz\/de\/fotobox-fur-die-hochzeit\/\" \/>\n<meta property=\"og:site_name\" content=\"FOTOBOSS\" \/>\n<meta property=\"article:publisher\" content=\"https:\/\/www.facebook.com\/fotoboss.cz\" \/>\n<meta property=\"article:modified_time\" content=\"2023-01-30T15:54:35+00:00\" \/>\n<meta property=\"og:image\" content=\"https:\/\/www.fotoboss.cz\/wp-content\/uploads\/2023\/01\/svatebni-fotobudka-funkce.jpg\" \/>\n<meta name=\"twitter:card\" content=\"summary_large_image\" \/>\n<meta name=\"twitter:label1\" content=\"Gesch\u00e4tzte Lesezeit\" \/>\n\t<meta name=\"twitter:data1\" content=\"6\u00a0Minuten\" \/>\n<script type=\"application\/ld+json\" class=\"yoast-schema-graph\">{\"@context\":\"https:\\\/\\\/schema.org\",\"@graph\":[{\"@type\":\"WebPage\",\"@id\":\"https:\\\/\\\/www.fotoboss.cz\\\/fotokoutek-na-svatbu\\\/\",\"url\":\"https:\\\/\\\/www.fotoboss.cz\\\/fotokoutek-na-svatbu\\\/\",\"name\":\"Fotokoutek na svatbu | FOTOBOSS\",\"isPartOf\":{\"@id\":\"https:\\\/\\\/www.fotoboss.cz\\\/#website\"},\"primaryImageOfPage\":{\"@id\":\"https:\\\/\\\/www.fotoboss.cz\\\/fotokoutek-na-svatbu\\\/#primaryimage\"},\"image\":{\"@id\":\"https:\\\/\\\/www.fotoboss.cz\\\/fotokoutek-na-svatbu\\\/#primaryimage\"},\"thumbnailUrl\":\"https:\\\/\\\/www.fotoboss.cz\\\/wp-content\\\/uploads\\\/2023\\\/01\\\/svatebni-fotobudka-funkce.jpg\",\"datePublished\":\"2023-01-15T13:18:02+00:00\",\"dateModified\":\"2023-01-30T15:54:35+00:00\",\"description\":\"Bohat\u00fd v\u00fdb\u011br svatebn\u00edch rekvizit. Rychl\u00fd a profesion\u00e1ln\u00ed tisk. Mo\u017enost kl\u00ed\u010dovac\u00edho pozad\u00ed se svatebn\u00edmi motivy. T\u011b\u0161\u00edme se na V\u00e1s!\",\"breadcrumb\":{\"@id\":\"https:\\\/\\\/www.fotoboss.cz\\\/fotokoutek-na-svatbu\\\/#breadcrumb\"},\"inLanguage\":\"de\",\"potentialAction\":[{\"@type\":\"ReadAction\",\"target\":[\"https:\\\/\\\/www.fotoboss.cz\\\/fotokoutek-na-svatbu\\\/\"]}]},{\"@type\":\"ImageObject\",\"inLanguage\":\"de\",\"@id\":\"https:\\\/\\\/www.fotoboss.cz\\\/fotokoutek-na-svatbu\\\/#primaryimage\",\"url\":\"https:\\\/\\\/www.fotoboss.cz\\\/wp-content\\\/uploads\\\/2023\\\/01\\\/svatebni-fotobudka-funkce.jpg\",\"contentUrl\":\"https:\\\/\\\/www.fotoboss.cz\\\/wp-content\\\/uploads\\\/2023\\\/01\\\/svatebni-fotobudka-funkce.jpg\"},{\"@type\":\"BreadcrumbList\",\"@id\":\"https:\\\/\\\/www.fotoboss.cz\\\/fotokoutek-na-svatbu\\\/#breadcrumb\",\"itemListElement\":[{\"@type\":\"ListItem\",\"position\":1,\"name\":\"Dom\u016f\",\"item\":\"https:\\\/\\\/www.fotoboss.cz\\\/\"},{\"@type\":\"ListItem\",\"position\":2,\"name\":\"Fotokoutek na svatbu\"}]},{\"@type\":\"WebSite\",\"@id\":\"https:\\\/\\\/www.fotoboss.cz\\\/#website\",\"url\":\"https:\\\/\\\/www.fotoboss.cz\\\/\",\"name\":\"FOTOBOSS\",\"description\":\"Fotokoutek pro ka\u017edou p\u00e1rty!\",\"publisher\":{\"@id\":\"https:\\\/\\\/www.fotoboss.cz\\\/#organization\"},\"potentialAction\":[{\"@type\":\"SearchAction\",\"target\":{\"@type\":\"EntryPoint\",\"urlTemplate\":\"https:\\\/\\\/www.fotoboss.cz\\\/?s={search_term_string}\"},\"query-input\":{\"@type\":\"PropertyValueSpecification\",\"valueRequired\":true,\"valueName\":\"search_term_string\"}}],\"inLanguage\":\"de\"},{\"@type\":\"Organization\",\"@id\":\"https:\\\/\\\/www.fotoboss.cz\\\/#organization\",\"name\":\"Fotoboss\",\"url\":\"https:\\\/\\\/www.fotoboss.cz\\\/\",\"logo\":{\"@type\":\"ImageObject\",\"inLanguage\":\"de\",\"@id\":\"https:\\\/\\\/www.fotoboss.cz\\\/#\\\/schema\\\/logo\\\/image\\\/\",\"url\":\"https:\\\/\\\/www.fotoboss.cz\\\/wp-content\\\/uploads\\\/2022\\\/04\\\/icon-fotoboss.png\",\"contentUrl\":\"https:\\\/\\\/www.fotoboss.cz\\\/wp-content\\\/uploads\\\/2022\\\/04\\\/icon-fotoboss.png\",\"width\":256,\"height\":256,\"caption\":\"Fotoboss\"},\"image\":{\"@id\":\"https:\\\/\\\/www.fotoboss.cz\\\/#\\\/schema\\\/logo\\\/image\\\/\"},\"sameAs\":[\"https:\\\/\\\/www.facebook.com\\\/fotoboss.cz\",\"https:\\\/\\\/www.instagram.com\\\/fotoboss.cz\"]}]}<\/script>\n<!-- \/ Yoast SEO plugin. -->","yoast_head_json":{"title":"Fotokoutek na svatbu | FOTOBOSS","description":"Bohat\u00fd v\u00fdb\u011br svatebn\u00edch rekvizit. Rychl\u00fd a profesion\u00e1ln\u00ed tisk. Mo\u017enost kl\u00ed\u010dovac\u00edho pozad\u00ed se svatebn\u00edmi motivy. T\u011b\u0161\u00edme se na V\u00e1s!","robots":{"index":"index","follow":"follow","max-snippet":"max-snippet:-1","max-image-preview":"max-image-preview:large","max-video-preview":"max-video-preview:-1"},"canonical":"https:\/\/www.fotoboss.cz\/de\/fotobox-fur-die-hochzeit\/","og_locale":"de_DE","og_type":"article","og_title":"Fotokoutek na svatbu | FOTOBOSS","og_description":"Bohat\u00fd v\u00fdb\u011br svatebn\u00edch rekvizit. Rychl\u00fd a profesion\u00e1ln\u00ed tisk. Mo\u017enost kl\u00ed\u010dovac\u00edho pozad\u00ed se svatebn\u00edmi motivy. T\u011b\u0161\u00edme se na V\u00e1s!","og_url":"https:\/\/www.fotoboss.cz\/de\/fotobox-fur-die-hochzeit\/","og_site_name":"FOTOBOSS","article_publisher":"https:\/\/www.facebook.com\/fotoboss.cz","article_modified_time":"2023-01-30T15:54:35+00:00","og_image":[{"url":"https:\/\/www.fotoboss.cz\/wp-content\/uploads\/2023\/01\/svatebni-fotobudka-funkce.jpg","type":"","width":"","height":""}],"twitter_card":"summary_large_image","twitter_misc":{"Gesch\u00e4tzte Lesezeit":"6\u00a0Minuten"},"schema":{"@context":"https:\/\/schema.org","@graph":[{"@type":"WebPage","@id":"https:\/\/www.fotoboss.cz\/fotokoutek-na-svatbu\/","url":"https:\/\/www.fotoboss.cz\/fotokoutek-na-svatbu\/","name":"Fotokoutek na svatbu | FOTOBOSS","isPartOf":{"@id":"https:\/\/www.fotoboss.cz\/#website"},"primaryImageOfPage":{"@id":"https:\/\/www.fotoboss.cz\/fotokoutek-na-svatbu\/#primaryimage"},"image":{"@id":"https:\/\/www.fotoboss.cz\/fotokoutek-na-svatbu\/#primaryimage"},"thumbnailUrl":"https:\/\/www.fotoboss.cz\/wp-content\/uploads\/2023\/01\/svatebni-fotobudka-funkce.jpg","datePublished":"2023-01-15T13:18:02+00:00","dateModified":"2023-01-30T15:54:35+00:00","description":"Bohat\u00fd v\u00fdb\u011br svatebn\u00edch rekvizit. Rychl\u00fd a profesion\u00e1ln\u00ed tisk. Mo\u017enost kl\u00ed\u010dovac\u00edho pozad\u00ed se svatebn\u00edmi motivy. T\u011b\u0161\u00edme se na V\u00e1s!","breadcrumb":{"@id":"https:\/\/www.fotoboss.cz\/fotokoutek-na-svatbu\/#breadcrumb"},"inLanguage":"de","potentialAction":[{"@type":"ReadAction","target":["https:\/\/www.fotoboss.cz\/fotokoutek-na-svatbu\/"]}]},{"@type":"ImageObject","inLanguage":"de","@id":"https:\/\/www.fotoboss.cz\/fotokoutek-na-svatbu\/#primaryimage","url":"https:\/\/www.fotoboss.cz\/wp-content\/uploads\/2023\/01\/svatebni-fotobudka-funkce.jpg","contentUrl":"https:\/\/www.fotoboss.cz\/wp-content\/uploads\/2023\/01\/svatebni-fotobudka-funkce.jpg"},{"@type":"BreadcrumbList","@id":"https:\/\/www.fotoboss.cz\/fotokoutek-na-svatbu\/#breadcrumb","itemListElement":[{"@type":"ListItem","position":1,"name":"Dom\u016f","item":"https:\/\/www.fotoboss.cz\/"},{"@type":"ListItem","position":2,"name":"Fotokoutek na svatbu"}]},{"@type":"WebSite","@id":"https:\/\/www.fotoboss.cz\/#website","url":"https:\/\/www.fotoboss.cz\/","name":"FOTOBOSS","description":"Fotokoutek pro ka\u017edou p\u00e1rty!","publisher":{"@id":"https:\/\/www.fotoboss.cz\/#organization"},"potentialAction":[{"@type":"SearchAction","target":{"@type":"EntryPoint","urlTemplate":"https:\/\/www.fotoboss.cz\/?s={search_term_string}"},"query-input":{"@type":"PropertyValueSpecification","valueRequired":true,"valueName":"search_term_string"}}],"inLanguage":"de"},{"@type":"Organization","@id":"https:\/\/www.fotoboss.cz\/#organization","name":"Fotoboss","url":"https:\/\/www.fotoboss.cz\/","logo":{"@type":"ImageObject","inLanguage":"de","@id":"https:\/\/www.fotoboss.cz\/#\/schema\/logo\/image\/","url":"https:\/\/www.fotoboss.cz\/wp-content\/uploads\/2022\/04\/icon-fotoboss.png","contentUrl":"https:\/\/www.fotoboss.cz\/wp-content\/uploads\/2022\/04\/icon-fotoboss.png","width":256,"height":256,"caption":"Fotoboss"},"image":{"@id":"https:\/\/www.fotoboss.cz\/#\/schema\/logo\/image\/"},"sameAs":["https:\/\/www.facebook.com\/fotoboss.cz","https:\/\/www.instagram.com\/fotoboss.cz"]}]}},"_links":{"self":[{"href":"https:\/\/www.fotoboss.cz\/de\/wp-json\/wp\/v2\/pages\/986","targetHints":{"allow":["GET"]}}],"collection":[{"href":"https:\/\/www.fotoboss.cz\/de\/wp-json\/wp\/v2\/pages"}],"about":[{"href":"https:\/\/www.fotoboss.cz\/de\/wp-json\/wp\/v2\/types\/page"}],"author":[{"embeddable":true,"href":"https:\/\/www.fotoboss.cz\/de\/wp-json\/wp\/v2\/users\/1"}],"replies":[{"embeddable":true,"href":"https:\/\/www.fotoboss.cz\/de\/wp-json\/wp\/v2\/comments?post=986"}],"version-history":[{"count":0,"href":"https:\/\/www.fotoboss.cz\/de\/wp-json\/wp\/v2\/pages\/986\/revisions"}],"wp:attachment":[{"href":"https:\/\/www.fotoboss.cz\/de\/wp-json\/wp\/v2\/media?parent=986"}],"curies":[{"name":"wp","href":"https:\/\/api.w.org\/{rel}","templated":true}]}}