{"id":289,"date":"2022-04-24T21:29:12","date_gmt":"2022-04-24T19:29:12","guid":{"rendered":"http:\/\/www.fotoboss.cz\/?page_id=289"},"modified":"2022-10-11T12:13:52","modified_gmt":"2022-10-11T10:13:52","slug":"pozadi","status":"publish","type":"page","link":"https:\/\/www.fotoboss.cz\/de\/hintergrund\/","title":{"rendered":"Hintergrund"},"content":{"rendered":"<h1>\n\t\tEleganter Hintergrund\n\t<\/h1>\n\t<p>Digitaler Hintergrund, Ihre Wahl. Wenn Sie sich nicht entscheiden k\u00f6nnen, bereiten wir gerne einen individuellen Hintergrund f\u00fcr Sie vor!<\/p>\n<h2>\n\t\tBuchen Sie Ihren Termin\n\t<\/h2>\n\t<p>Sie k\u00f6nnen \u00fcber das Kontaktformular oder telefonisch buchen. Wir empfehlen, einen Termin im Voraus zu vereinbaren, damit wir einen freien Termin f\u00fcr Sie haben.<\/p>","protected":false},"excerpt":{"rendered":"<p>Elegante Hintergr\u00fcnde Digitale Hintergr\u00fcnde nach Ihrer Wahl. Wenn Sie nicht w\u00e4hlen, werden wir gerne einen ma\u00dfgeschneiderten Hintergrund f\u00fcr Sie vorbereiten! Buchen Sie einen Termin Sie k\u00f6nnen \u00fcber das Kontaktformular buchen oder anrufen. Wir empfehlen, einen Termin im Voraus zu vereinbaren, damit wir einen freien Termin f\u00fcr Sie haben.<\/p>","protected":false},"author":1,"featured_media":0,"parent":0,"menu_order":0,"comment_status":"closed","ping_status":"closed","template":"","meta":{"site-sidebar-layout":"default","site-content-layout":"","ast-site-content-layout":"default","site-content-style":"default","site-sidebar-style":"default","ast-global-header-display":"","ast-banner-title-visibility":"","ast-main-header-display":"","ast-hfb-above-header-display":"","ast-hfb-below-header-display":"","ast-hfb-mobile-header-display":"","site-post-title":"","ast-breadcrumbs-content":"","ast-featured-img":"","footer-sml-layout":"","ast-disable-related-posts":"","theme-transparent-header-meta":"","adv-header-id-meta":"","stick-header-meta":"","header-above-stick-meta":"","header-main-stick-meta":"","header-below-stick-meta":"","astra-migrate-meta-layouts":"default","ast-page-background-enabled":"default","ast-page-background-meta":{"desktop":{"background-color":"var(--ast-global-color-4)","background-image":"","background-repeat":"repeat","background-position":"center center","background-size":"auto","background-attachment":"scroll","background-type":"","background-media":"","overlay-type":"","overlay-color":"","overlay-opacity":"","overlay-gradient":""},"tablet":{"background-color":"","background-image":"","background-repeat":"repeat","background-position":"center center","background-size":"auto","background-attachment":"scroll","background-type":"","background-media":"","overlay-type":"","overlay-color":"","overlay-opacity":"","overlay-gradient":""},"mobile":{"background-color":"","background-image":"","background-repeat":"repeat","background-position":"center center","background-size":"auto","background-attachment":"scroll","background-type":"","background-media":"","overlay-type":"","overlay-color":"","overlay-opacity":"","overlay-gradient":""}},"ast-content-background-meta":{"desktop":{"background-color":"var(--ast-global-color-5)","background-image":"","background-repeat":"repeat","background-position":"center center","background-size":"auto","background-attachment":"scroll","background-type":"","background-media":"","overlay-type":"","overlay-color":"","overlay-opacity":"","overlay-gradient":""},"tablet":{"background-color":"var(--ast-global-color-5)","background-image":"","background-repeat":"repeat","background-position":"center center","background-size":"auto","background-attachment":"scroll","background-type":"","background-media":"","overlay-type":"","overlay-color":"","overlay-opacity":"","overlay-gradient":""},"mobile":{"background-color":"var(--ast-global-color-5)","background-image":"","background-repeat":"repeat","background-position":"center center","background-size":"auto","background-attachment":"scroll","background-type":"","background-media":"","overlay-type":"","overlay-color":"","overlay-opacity":"","overlay-gradient":""}},"footnotes":""},"class_list":["post-289","page","type-page","status-publish","hentry"],"yoast_head":"<!-- This site is optimized with the Yoast SEO plugin v27.5 - https:\/\/yoast.com\/product\/yoast-seo-wordpress\/ -->\n<title>Pozad\u00ed do fotokoutku | FOTOBOSS<\/title>\n<meta name=\"description\" content=\"Kreativit\u011b se u n\u00e1s meze nekladou. Vyberte si jednotliv\u00e1 digit\u00e1ln\u00ed fotopozad\u00ed a v pr\u016fb\u011bhu focen\u00ed si sami vyberete, kter\u00e9 je to NEJ!\" \/>\n<meta name=\"robots\" content=\"index, follow, max-snippet:-1, max-image-preview:large, max-video-preview:-1\" \/>\n<link rel=\"canonical\" href=\"https:\/\/www.fotoboss.cz\/de\/hintergrund\/\" \/>\n<meta property=\"og:locale\" content=\"de_DE\" \/>\n<meta property=\"og:type\" content=\"article\" \/>\n<meta property=\"og:title\" content=\"Pozad\u00ed do fotokoutku | FOTOBOSS\" \/>\n<meta property=\"og:description\" content=\"Kreativit\u011b se u n\u00e1s meze nekladou. Vyberte si jednotliv\u00e1 digit\u00e1ln\u00ed fotopozad\u00ed a v pr\u016fb\u011bhu focen\u00ed si sami vyberete, kter\u00e9 je to NEJ!\" \/>\n<meta property=\"og:url\" content=\"https:\/\/www.fotoboss.cz\/de\/hintergrund\/\" \/>\n<meta property=\"og:site_name\" content=\"FOTOBOSS\" \/>\n<meta property=\"article:publisher\" content=\"https:\/\/www.facebook.com\/fotoboss.cz\" \/>\n<meta property=\"article:modified_time\" content=\"2022-10-11T10:13:52+00:00\" \/>\n<meta property=\"og:image\" content=\"https:\/\/www.fotoboss.cz\/wp-content\/uploads\/2022\/04\/fotobosss-logo.png\" \/>\n\t<meta property=\"og:image:width\" content=\"536\" \/>\n\t<meta property=\"og:image:height\" content=\"250\" \/>\n\t<meta property=\"og:image:type\" content=\"image\/png\" \/>\n<meta name=\"twitter:card\" content=\"summary_large_image\" \/>\n<script type=\"application\/ld+json\" class=\"yoast-schema-graph\">{\"@context\":\"https:\\\/\\\/schema.org\",\"@graph\":[{\"@type\":\"WebPage\",\"@id\":\"https:\\\/\\\/www.fotoboss.cz\\\/pozadi\\\/\",\"url\":\"https:\\\/\\\/www.fotoboss.cz\\\/pozadi\\\/\",\"name\":\"Pozad\u00ed do fotokoutku | FOTOBOSS\",\"isPartOf\":{\"@id\":\"https:\\\/\\\/www.fotoboss.cz\\\/#website\"},\"datePublished\":\"2022-04-24T19:29:12+00:00\",\"dateModified\":\"2022-10-11T10:13:52+00:00\",\"description\":\"Kreativit\u011b se u n\u00e1s meze nekladou. Vyberte si jednotliv\u00e1 digit\u00e1ln\u00ed fotopozad\u00ed a v pr\u016fb\u011bhu focen\u00ed si sami vyberete, kter\u00e9 je to NEJ!\",\"breadcrumb\":{\"@id\":\"https:\\\/\\\/www.fotoboss.cz\\\/pozadi\\\/#breadcrumb\"},\"inLanguage\":\"de\",\"potentialAction\":[{\"@type\":\"ReadAction\",\"target\":[\"https:\\\/\\\/www.fotoboss.cz\\\/pozadi\\\/\"]}]},{\"@type\":\"BreadcrumbList\",\"@id\":\"https:\\\/\\\/www.fotoboss.cz\\\/pozadi\\\/#breadcrumb\",\"itemListElement\":[{\"@type\":\"ListItem\",\"position\":1,\"name\":\"Dom\u016f\",\"item\":\"https:\\\/\\\/www.fotoboss.cz\\\/\"},{\"@type\":\"ListItem\",\"position\":2,\"name\":\"Pozad\u00ed\"}]},{\"@type\":\"WebSite\",\"@id\":\"https:\\\/\\\/www.fotoboss.cz\\\/#website\",\"url\":\"https:\\\/\\\/www.fotoboss.cz\\\/\",\"name\":\"FOTOBOSS\",\"description\":\"Fotokoutek pro ka\u017edou p\u00e1rty!\",\"publisher\":{\"@id\":\"https:\\\/\\\/www.fotoboss.cz\\\/#organization\"},\"potentialAction\":[{\"@type\":\"SearchAction\",\"target\":{\"@type\":\"EntryPoint\",\"urlTemplate\":\"https:\\\/\\\/www.fotoboss.cz\\\/?s={search_term_string}\"},\"query-input\":{\"@type\":\"PropertyValueSpecification\",\"valueRequired\":true,\"valueName\":\"search_term_string\"}}],\"inLanguage\":\"de\"},{\"@type\":\"Organization\",\"@id\":\"https:\\\/\\\/www.fotoboss.cz\\\/#organization\",\"name\":\"Fotoboss\",\"url\":\"https:\\\/\\\/www.fotoboss.cz\\\/\",\"logo\":{\"@type\":\"ImageObject\",\"inLanguage\":\"de\",\"@id\":\"https:\\\/\\\/www.fotoboss.cz\\\/#\\\/schema\\\/logo\\\/image\\\/\",\"url\":\"https:\\\/\\\/www.fotoboss.cz\\\/wp-content\\\/uploads\\\/2022\\\/04\\\/icon-fotoboss.png\",\"contentUrl\":\"https:\\\/\\\/www.fotoboss.cz\\\/wp-content\\\/uploads\\\/2022\\\/04\\\/icon-fotoboss.png\",\"width\":256,\"height\":256,\"caption\":\"Fotoboss\"},\"image\":{\"@id\":\"https:\\\/\\\/www.fotoboss.cz\\\/#\\\/schema\\\/logo\\\/image\\\/\"},\"sameAs\":[\"https:\\\/\\\/www.facebook.com\\\/fotoboss.cz\",\"https:\\\/\\\/www.instagram.com\\\/fotoboss.cz\"]}]}<\/script>\n<!-- \/ Yoast SEO plugin. -->","yoast_head_json":{"title":"Pozad\u00ed do fotokoutku | FOTOBOSS","description":"Kreativit\u011b se u n\u00e1s meze nekladou. Vyberte si jednotliv\u00e1 digit\u00e1ln\u00ed fotopozad\u00ed a v pr\u016fb\u011bhu focen\u00ed si sami vyberete, kter\u00e9 je to NEJ!","robots":{"index":"index","follow":"follow","max-snippet":"max-snippet:-1","max-image-preview":"max-image-preview:large","max-video-preview":"max-video-preview:-1"},"canonical":"https:\/\/www.fotoboss.cz\/de\/hintergrund\/","og_locale":"de_DE","og_type":"article","og_title":"Pozad\u00ed do fotokoutku | FOTOBOSS","og_description":"Kreativit\u011b se u n\u00e1s meze nekladou. Vyberte si jednotliv\u00e1 digit\u00e1ln\u00ed fotopozad\u00ed a v pr\u016fb\u011bhu focen\u00ed si sami vyberete, kter\u00e9 je to NEJ!","og_url":"https:\/\/www.fotoboss.cz\/de\/hintergrund\/","og_site_name":"FOTOBOSS","article_publisher":"https:\/\/www.facebook.com\/fotoboss.cz","article_modified_time":"2022-10-11T10:13:52+00:00","og_image":[{"width":536,"height":250,"url":"https:\/\/www.fotoboss.cz\/wp-content\/uploads\/2022\/04\/fotobosss-logo.png","type":"image\/png"}],"twitter_card":"summary_large_image","schema":{"@context":"https:\/\/schema.org","@graph":[{"@type":"WebPage","@id":"https:\/\/www.fotoboss.cz\/pozadi\/","url":"https:\/\/www.fotoboss.cz\/pozadi\/","name":"Pozad\u00ed do fotokoutku | FOTOBOSS","isPartOf":{"@id":"https:\/\/www.fotoboss.cz\/#website"},"datePublished":"2022-04-24T19:29:12+00:00","dateModified":"2022-10-11T10:13:52+00:00","description":"Kreativit\u011b se u n\u00e1s meze nekladou. Vyberte si jednotliv\u00e1 digit\u00e1ln\u00ed fotopozad\u00ed a v pr\u016fb\u011bhu focen\u00ed si sami vyberete, kter\u00e9 je to NEJ!","breadcrumb":{"@id":"https:\/\/www.fotoboss.cz\/pozadi\/#breadcrumb"},"inLanguage":"de","potentialAction":[{"@type":"ReadAction","target":["https:\/\/www.fotoboss.cz\/pozadi\/"]}]},{"@type":"BreadcrumbList","@id":"https:\/\/www.fotoboss.cz\/pozadi\/#breadcrumb","itemListElement":[{"@type":"ListItem","position":1,"name":"Dom\u016f","item":"https:\/\/www.fotoboss.cz\/"},{"@type":"ListItem","position":2,"name":"Pozad\u00ed"}]},{"@type":"WebSite","@id":"https:\/\/www.fotoboss.cz\/#website","url":"https:\/\/www.fotoboss.cz\/","name":"FOTOBOSS","description":"Fotokoutek pro ka\u017edou p\u00e1rty!","publisher":{"@id":"https:\/\/www.fotoboss.cz\/#organization"},"potentialAction":[{"@type":"SearchAction","target":{"@type":"EntryPoint","urlTemplate":"https:\/\/www.fotoboss.cz\/?s={search_term_string}"},"query-input":{"@type":"PropertyValueSpecification","valueRequired":true,"valueName":"search_term_string"}}],"inLanguage":"de"},{"@type":"Organization","@id":"https:\/\/www.fotoboss.cz\/#organization","name":"Fotoboss","url":"https:\/\/www.fotoboss.cz\/","logo":{"@type":"ImageObject","inLanguage":"de","@id":"https:\/\/www.fotoboss.cz\/#\/schema\/logo\/image\/","url":"https:\/\/www.fotoboss.cz\/wp-content\/uploads\/2022\/04\/icon-fotoboss.png","contentUrl":"https:\/\/www.fotoboss.cz\/wp-content\/uploads\/2022\/04\/icon-fotoboss.png","width":256,"height":256,"caption":"Fotoboss"},"image":{"@id":"https:\/\/www.fotoboss.cz\/#\/schema\/logo\/image\/"},"sameAs":["https:\/\/www.facebook.com\/fotoboss.cz","https:\/\/www.instagram.com\/fotoboss.cz"]}]}},"_links":{"self":[{"href":"https:\/\/www.fotoboss.cz\/de\/wp-json\/wp\/v2\/pages\/289","targetHints":{"allow":["GET"]}}],"collection":[{"href":"https:\/\/www.fotoboss.cz\/de\/wp-json\/wp\/v2\/pages"}],"about":[{"href":"https:\/\/www.fotoboss.cz\/de\/wp-json\/wp\/v2\/types\/page"}],"author":[{"embeddable":true,"href":"https:\/\/www.fotoboss.cz\/de\/wp-json\/wp\/v2\/users\/1"}],"replies":[{"embeddable":true,"href":"https:\/\/www.fotoboss.cz\/de\/wp-json\/wp\/v2\/comments?post=289"}],"version-history":[{"count":0,"href":"https:\/\/www.fotoboss.cz\/de\/wp-json\/wp\/v2\/pages\/289\/revisions"}],"wp:attachment":[{"href":"https:\/\/www.fotoboss.cz\/de\/wp-json\/wp\/v2\/media?parent=289"}],"curies":[{"name":"wp","href":"https:\/\/api.w.org\/{rel}","templated":true}]}}