{"id":247,"date":"2022-04-24T15:07:11","date_gmt":"2022-04-24T13:07:11","guid":{"rendered":"http:\/\/www.fotoboss.cz\/?page_id=247"},"modified":"2024-06-24T21:43:39","modified_gmt":"2024-06-24T19:43:39","slug":"cenik","status":"publish","type":"page","link":"https:\/\/www.fotoboss.cz\/de\/preisliste\/","title":{"rendered":"Die Preisliste"},"content":{"rendered":"<h1>\n\t\tDie Preisliste\n\t<\/h1>\n\t\t\t\t\t<h2>Mini<\/h2> 6500 CZK* <ul role=\"list\"><li role=\"listitem\">2 Stunden<\/li><li role=\"listitem\">Gro\u00dfe Auswahl an Requisiten<\/li><li role=\"listitem\">Hintergrund Ihrer Wahl<\/li><li role=\"listitem\"> Geschulter Bediener<\/li><li role=\"listitem\">Vorbereitung des Logodesigns<\/li><li role=\"listitem\">Unbegrenzter Druck - 10\u00d715 cm<\/li><li role=\"listitem\">Online-Galerie<\/li><li role=\"listitem\">Miete au\u00dferhalb des Pakets 2000 CZK\/Stunde<\/li><\/ul>\n\t\t\t<a href=\"#poptavka\" target=\"_self\" rel=\"noopener\">\n\t\t\t\t\t\t\tBestellung\n\t\t\t<\/a>\n\t\t\t\t\tTOP<h2>Standard<\/h2> 8000 CZK* <ul role=\"list\"><li role=\"listitem\">3 Stunden<\/li><li role=\"listitem\">Gro\u00dfe Auswahl an Requisiten<\/li><li role=\"listitem\">Hintergrund Ihrer Wahl<\/li><li role=\"listitem\"> Geschulter Bediener<\/li><li role=\"listitem\">Vorbereitung des Logodesigns<\/li><li role=\"listitem\">Unbegrenzter Druck - 10\u00d715 cm<\/li><li role=\"listitem\">Online-Galerie<\/li><li role=\"listitem\">Miete au\u00dferhalb des Pakets 2000 CZK\/Stunde<\/li><\/ul>\n\t\t\t<a href=\"#poptavka\" target=\"_self\" rel=\"noopener\">\n\t\t\t\t\t\t\tBestellung\n\t\t\t<\/a>\n\t\t\t\t\t<h2>Exklusiv<\/h2> 9500 CZK* <ul role=\"list\"><li role=\"listitem\">4 Stunden<\/li><li role=\"listitem\">Gro\u00dfe Auswahl an Requisiten<\/li><li role=\"listitem\">Hintergrund Ihrer Wahl<\/li><li role=\"listitem\"> Geschulter Bediener<\/li><li role=\"listitem\">Vorbereitung des Logodesigns<\/li><li role=\"listitem\">Unbegrenzter Druck - 10\u00d715 cm<\/li><li role=\"listitem\">Online-Galerie<\/li><li role=\"listitem\">Miete au\u00dferhalb des Pakets 2000 CZK\/Stunde<\/li><\/ul>\n\t\t\t<a href=\"#poptavka\" target=\"_self\" rel=\"noopener\">\n\t\t\t\t\t\t\tBestellung\n\t\t\t<\/a>\n\t<p><em>* Der Preis gilt nicht f\u00fcr Silvester, Ostern und Feiertage. An diesen Tagen ist es m\u00f6glich, ein individuelles Preisangebot zu vereinbaren.<\/em><\/p>\n<h2>\n\t\tZus\u00e4tzliche Informationen zum Preisverzeichnis\n\t<\/h2>\n\t\t\t\t\t  <ul role=\"list\"><li role=\"listitem\">Branding der Fotokabine 2000 CZK<\/li><li role=\"listitem\">Zeltverleih im Freien2000 CZK<\/li><li role=\"listitem\">Herstellung eines physischen Hintergrunds auf Anfrage 4000 CZK<\/li><li role=\"listitem\">Bausatz f\u00fcr kundenspezifische Requisiten 1000 CZK<\/li><li role=\"listitem\">Transport au\u00dferhalb von Prag10 CZK\/km<\/li><\/ul>\n\t\t\t<a href=\"\" target=\"_self\" rel=\"noopener\">\n\t\t\t\t\t\t\t\t<\/a>\n<h2>\n\t\tBuchen Sie Ihren Termin\n\t<\/h2>\n\t<p>Sie k\u00f6nnen \u00fcber das Kontaktformular oder telefonisch buchen. Wir empfehlen, einen Termin im Voraus zu vereinbaren, damit wir einen freien Termin f\u00fcr Sie haben.<\/p>","protected":false},"excerpt":{"rendered":"<p>Preisliste Mini 6500 CZK* 2 Stunden Gro\u00dfe Auswahl an Requisiten Hintergrund Ihrer Wahl Geschultes Personal Vorbereitung des Designs mit Logo Unbegrenzter Druck - 10\u00d715 cm Online-Galerie Vermietung \u00fcber das Paket hinaus 2000 CZK\/Stunde Bestellung TOP Standard 8000 CZK* 3 Stunden Gro\u00dfe Auswahl an Requisiten Hintergrund Ihrer Wahl Geschultes Personal Vorbereitung des Designs mit Logo Unbegrenzter Druck - 10\u00d715 cm [...]<\/p>","protected":false},"author":1,"featured_media":0,"parent":0,"menu_order":0,"comment_status":"closed","ping_status":"closed","template":"","meta":{"site-sidebar-layout":"default","site-content-layout":"","ast-site-content-layout":"default","site-content-style":"default","site-sidebar-style":"default","ast-global-header-display":"","ast-banner-title-visibility":"","ast-main-header-display":"","ast-hfb-above-header-display":"","ast-hfb-below-header-display":"","ast-hfb-mobile-header-display":"","site-post-title":"","ast-breadcrumbs-content":"","ast-featured-img":"","footer-sml-layout":"","ast-disable-related-posts":"","theme-transparent-header-meta":"","adv-header-id-meta":"","stick-header-meta":"","header-above-stick-meta":"","header-main-stick-meta":"","header-below-stick-meta":"","astra-migrate-meta-layouts":"set","ast-page-background-enabled":"default","ast-page-background-meta":{"desktop":{"background-color":"var(--ast-global-color-4)","background-image":"","background-repeat":"repeat","background-position":"center center","background-size":"auto","background-attachment":"scroll","background-type":"","background-media":"","overlay-type":"","overlay-color":"","overlay-opacity":"","overlay-gradient":""},"tablet":{"background-color":"","background-image":"","background-repeat":"repeat","background-position":"center center","background-size":"auto","background-attachment":"scroll","background-type":"","background-media":"","overlay-type":"","overlay-color":"","overlay-opacity":"","overlay-gradient":""},"mobile":{"background-color":"","background-image":"","background-repeat":"repeat","background-position":"center center","background-size":"auto","background-attachment":"scroll","background-type":"","background-media":"","overlay-type":"","overlay-color":"","overlay-opacity":"","overlay-gradient":""}},"ast-content-background-meta":{"desktop":{"background-color":"var(--ast-global-color-5)","background-image":"","background-repeat":"repeat","background-position":"center center","background-size":"auto","background-attachment":"scroll","background-type":"","background-media":"","overlay-type":"","overlay-color":"","overlay-opacity":"","overlay-gradient":""},"tablet":{"background-color":"var(--ast-global-color-5)","background-image":"","background-repeat":"repeat","background-position":"center center","background-size":"auto","background-attachment":"scroll","background-type":"","background-media":"","overlay-type":"","overlay-color":"","overlay-opacity":"","overlay-gradient":""},"mobile":{"background-color":"var(--ast-global-color-5)","background-image":"","background-repeat":"repeat","background-position":"center center","background-size":"auto","background-attachment":"scroll","background-type":"","background-media":"","overlay-type":"","overlay-color":"","overlay-opacity":"","overlay-gradient":""}},"footnotes":""},"class_list":["post-247","page","type-page","status-publish","hentry"],"yoast_head":"<!-- This site is optimized with the Yoast SEO plugin v27.5 - https:\/\/yoast.com\/product\/yoast-seo-wordpress\/ -->\n<title>Kolik stoj\u00ed pron\u00e1jem fotobudky? - Cen\u00edk | FOTOBOSS<\/title>\n<meta name=\"description\" content=\"Cena pron\u00e1jmu fotobudky v\u010detn\u011b dopl\u0148kov\u00fdch slu\u017eeb. V\u00fdhodn\u00e9 bal\u00ed\u010dky pro krat\u0161\u00ed i d\u011bl\u0161\u00ed ud\u00e1losti. Velk\u00fd v\u00fdb\u011br rekvizit a fotopozad\u00ed.\" \/>\n<meta name=\"robots\" content=\"index, follow, max-snippet:-1, max-image-preview:large, max-video-preview:-1\" \/>\n<link rel=\"canonical\" href=\"https:\/\/www.fotoboss.cz\/de\/preisliste\/\" \/>\n<meta property=\"og:locale\" content=\"de_DE\" \/>\n<meta property=\"og:type\" content=\"article\" \/>\n<meta property=\"og:title\" content=\"Kolik stoj\u00ed pron\u00e1jem fotobudky? - Cen\u00edk | FOTOBOSS\" \/>\n<meta property=\"og:description\" content=\"Cena pron\u00e1jmu fotobudky v\u010detn\u011b dopl\u0148kov\u00fdch slu\u017eeb. V\u00fdhodn\u00e9 bal\u00ed\u010dky pro krat\u0161\u00ed i d\u011bl\u0161\u00ed ud\u00e1losti. Velk\u00fd v\u00fdb\u011br rekvizit a fotopozad\u00ed.\" \/>\n<meta property=\"og:url\" content=\"https:\/\/www.fotoboss.cz\/de\/preisliste\/\" \/>\n<meta property=\"og:site_name\" content=\"FOTOBOSS\" \/>\n<meta property=\"article:publisher\" content=\"https:\/\/www.facebook.com\/fotoboss.cz\" \/>\n<meta property=\"article:modified_time\" content=\"2024-06-24T19:43:39+00:00\" \/>\n<meta property=\"og:image\" content=\"https:\/\/www.fotoboss.cz\/wp-content\/uploads\/2022\/04\/fotobosss-logo.png\" \/>\n\t<meta property=\"og:image:width\" content=\"536\" \/>\n\t<meta property=\"og:image:height\" content=\"250\" \/>\n\t<meta property=\"og:image:type\" content=\"image\/png\" \/>\n<meta name=\"twitter:card\" content=\"summary_large_image\" \/>\n<meta name=\"twitter:label1\" content=\"Gesch\u00e4tzte Lesezeit\" \/>\n\t<meta name=\"twitter:data1\" content=\"2\u00a0Minuten\" \/>\n<script type=\"application\/ld+json\" class=\"yoast-schema-graph\">{\"@context\":\"https:\\\/\\\/schema.org\",\"@graph\":[{\"@type\":\"WebPage\",\"@id\":\"https:\\\/\\\/www.fotoboss.cz\\\/cenik\\\/\",\"url\":\"https:\\\/\\\/www.fotoboss.cz\\\/cenik\\\/\",\"name\":\"Kolik stoj\u00ed pron\u00e1jem fotobudky? - Cen\u00edk | FOTOBOSS\",\"isPartOf\":{\"@id\":\"https:\\\/\\\/www.fotoboss.cz\\\/#website\"},\"datePublished\":\"2022-04-24T13:07:11+00:00\",\"dateModified\":\"2024-06-24T19:43:39+00:00\",\"description\":\"Cena pron\u00e1jmu fotobudky v\u010detn\u011b dopl\u0148kov\u00fdch slu\u017eeb. V\u00fdhodn\u00e9 bal\u00ed\u010dky pro krat\u0161\u00ed i d\u011bl\u0161\u00ed ud\u00e1losti. Velk\u00fd v\u00fdb\u011br rekvizit a fotopozad\u00ed.\",\"breadcrumb\":{\"@id\":\"https:\\\/\\\/www.fotoboss.cz\\\/cenik\\\/#breadcrumb\"},\"inLanguage\":\"de\",\"potentialAction\":[{\"@type\":\"ReadAction\",\"target\":[\"https:\\\/\\\/www.fotoboss.cz\\\/cenik\\\/\"]}]},{\"@type\":\"BreadcrumbList\",\"@id\":\"https:\\\/\\\/www.fotoboss.cz\\\/cenik\\\/#breadcrumb\",\"itemListElement\":[{\"@type\":\"ListItem\",\"position\":1,\"name\":\"Dom\u016f\",\"item\":\"https:\\\/\\\/www.fotoboss.cz\\\/\"},{\"@type\":\"ListItem\",\"position\":2,\"name\":\"Cen\u00edk\"}]},{\"@type\":\"WebSite\",\"@id\":\"https:\\\/\\\/www.fotoboss.cz\\\/#website\",\"url\":\"https:\\\/\\\/www.fotoboss.cz\\\/\",\"name\":\"FOTOBOSS\",\"description\":\"Fotokoutek pro ka\u017edou p\u00e1rty!\",\"publisher\":{\"@id\":\"https:\\\/\\\/www.fotoboss.cz\\\/#organization\"},\"potentialAction\":[{\"@type\":\"SearchAction\",\"target\":{\"@type\":\"EntryPoint\",\"urlTemplate\":\"https:\\\/\\\/www.fotoboss.cz\\\/?s={search_term_string}\"},\"query-input\":{\"@type\":\"PropertyValueSpecification\",\"valueRequired\":true,\"valueName\":\"search_term_string\"}}],\"inLanguage\":\"de\"},{\"@type\":\"Organization\",\"@id\":\"https:\\\/\\\/www.fotoboss.cz\\\/#organization\",\"name\":\"Fotoboss\",\"url\":\"https:\\\/\\\/www.fotoboss.cz\\\/\",\"logo\":{\"@type\":\"ImageObject\",\"inLanguage\":\"de\",\"@id\":\"https:\\\/\\\/www.fotoboss.cz\\\/#\\\/schema\\\/logo\\\/image\\\/\",\"url\":\"https:\\\/\\\/www.fotoboss.cz\\\/wp-content\\\/uploads\\\/2022\\\/04\\\/icon-fotoboss.png\",\"contentUrl\":\"https:\\\/\\\/www.fotoboss.cz\\\/wp-content\\\/uploads\\\/2022\\\/04\\\/icon-fotoboss.png\",\"width\":256,\"height\":256,\"caption\":\"Fotoboss\"},\"image\":{\"@id\":\"https:\\\/\\\/www.fotoboss.cz\\\/#\\\/schema\\\/logo\\\/image\\\/\"},\"sameAs\":[\"https:\\\/\\\/www.facebook.com\\\/fotoboss.cz\",\"https:\\\/\\\/www.instagram.com\\\/fotoboss.cz\"]}]}<\/script>\n<!-- \/ Yoast SEO plugin. -->","yoast_head_json":{"title":"Kolik stoj\u00ed pron\u00e1jem fotobudky? - Cen\u00edk | FOTOBOSS","description":"Cena pron\u00e1jmu fotobudky v\u010detn\u011b dopl\u0148kov\u00fdch slu\u017eeb. V\u00fdhodn\u00e9 bal\u00ed\u010dky pro krat\u0161\u00ed i d\u011bl\u0161\u00ed ud\u00e1losti. Velk\u00fd v\u00fdb\u011br rekvizit a fotopozad\u00ed.","robots":{"index":"index","follow":"follow","max-snippet":"max-snippet:-1","max-image-preview":"max-image-preview:large","max-video-preview":"max-video-preview:-1"},"canonical":"https:\/\/www.fotoboss.cz\/de\/preisliste\/","og_locale":"de_DE","og_type":"article","og_title":"Kolik stoj\u00ed pron\u00e1jem fotobudky? - Cen\u00edk | FOTOBOSS","og_description":"Cena pron\u00e1jmu fotobudky v\u010detn\u011b dopl\u0148kov\u00fdch slu\u017eeb. V\u00fdhodn\u00e9 bal\u00ed\u010dky pro krat\u0161\u00ed i d\u011bl\u0161\u00ed ud\u00e1losti. Velk\u00fd v\u00fdb\u011br rekvizit a fotopozad\u00ed.","og_url":"https:\/\/www.fotoboss.cz\/de\/preisliste\/","og_site_name":"FOTOBOSS","article_publisher":"https:\/\/www.facebook.com\/fotoboss.cz","article_modified_time":"2024-06-24T19:43:39+00:00","og_image":[{"width":536,"height":250,"url":"https:\/\/www.fotoboss.cz\/wp-content\/uploads\/2022\/04\/fotobosss-logo.png","type":"image\/png"}],"twitter_card":"summary_large_image","twitter_misc":{"Gesch\u00e4tzte Lesezeit":"2\u00a0Minuten"},"schema":{"@context":"https:\/\/schema.org","@graph":[{"@type":"WebPage","@id":"https:\/\/www.fotoboss.cz\/cenik\/","url":"https:\/\/www.fotoboss.cz\/cenik\/","name":"Kolik stoj\u00ed pron\u00e1jem fotobudky? - Cen\u00edk | FOTOBOSS","isPartOf":{"@id":"https:\/\/www.fotoboss.cz\/#website"},"datePublished":"2022-04-24T13:07:11+00:00","dateModified":"2024-06-24T19:43:39+00:00","description":"Cena pron\u00e1jmu fotobudky v\u010detn\u011b dopl\u0148kov\u00fdch slu\u017eeb. V\u00fdhodn\u00e9 bal\u00ed\u010dky pro krat\u0161\u00ed i d\u011bl\u0161\u00ed ud\u00e1losti. Velk\u00fd v\u00fdb\u011br rekvizit a fotopozad\u00ed.","breadcrumb":{"@id":"https:\/\/www.fotoboss.cz\/cenik\/#breadcrumb"},"inLanguage":"de","potentialAction":[{"@type":"ReadAction","target":["https:\/\/www.fotoboss.cz\/cenik\/"]}]},{"@type":"BreadcrumbList","@id":"https:\/\/www.fotoboss.cz\/cenik\/#breadcrumb","itemListElement":[{"@type":"ListItem","position":1,"name":"Dom\u016f","item":"https:\/\/www.fotoboss.cz\/"},{"@type":"ListItem","position":2,"name":"Cen\u00edk"}]},{"@type":"WebSite","@id":"https:\/\/www.fotoboss.cz\/#website","url":"https:\/\/www.fotoboss.cz\/","name":"FOTOBOSS","description":"Fotokoutek pro ka\u017edou p\u00e1rty!","publisher":{"@id":"https:\/\/www.fotoboss.cz\/#organization"},"potentialAction":[{"@type":"SearchAction","target":{"@type":"EntryPoint","urlTemplate":"https:\/\/www.fotoboss.cz\/?s={search_term_string}"},"query-input":{"@type":"PropertyValueSpecification","valueRequired":true,"valueName":"search_term_string"}}],"inLanguage":"de"},{"@type":"Organization","@id":"https:\/\/www.fotoboss.cz\/#organization","name":"Fotoboss","url":"https:\/\/www.fotoboss.cz\/","logo":{"@type":"ImageObject","inLanguage":"de","@id":"https:\/\/www.fotoboss.cz\/#\/schema\/logo\/image\/","url":"https:\/\/www.fotoboss.cz\/wp-content\/uploads\/2022\/04\/icon-fotoboss.png","contentUrl":"https:\/\/www.fotoboss.cz\/wp-content\/uploads\/2022\/04\/icon-fotoboss.png","width":256,"height":256,"caption":"Fotoboss"},"image":{"@id":"https:\/\/www.fotoboss.cz\/#\/schema\/logo\/image\/"},"sameAs":["https:\/\/www.facebook.com\/fotoboss.cz","https:\/\/www.instagram.com\/fotoboss.cz"]}]}},"_links":{"self":[{"href":"https:\/\/www.fotoboss.cz\/de\/wp-json\/wp\/v2\/pages\/247","targetHints":{"allow":["GET"]}}],"collection":[{"href":"https:\/\/www.fotoboss.cz\/de\/wp-json\/wp\/v2\/pages"}],"about":[{"href":"https:\/\/www.fotoboss.cz\/de\/wp-json\/wp\/v2\/types\/page"}],"author":[{"embeddable":true,"href":"https:\/\/www.fotoboss.cz\/de\/wp-json\/wp\/v2\/users\/1"}],"replies":[{"embeddable":true,"href":"https:\/\/www.fotoboss.cz\/de\/wp-json\/wp\/v2\/comments?post=247"}],"version-history":[{"count":4,"href":"https:\/\/www.fotoboss.cz\/de\/wp-json\/wp\/v2\/pages\/247\/revisions"}],"predecessor-version":[{"id":1185,"href":"https:\/\/www.fotoboss.cz\/de\/wp-json\/wp\/v2\/pages\/247\/revisions\/1185"}],"wp:attachment":[{"href":"https:\/\/www.fotoboss.cz\/de\/wp-json\/wp\/v2\/media?parent=247"}],"curies":[{"name":"wp","href":"https:\/\/api.w.org\/{rel}","templated":true}]}}