{"id":13,"date":"2022-04-22T15:08:06","date_gmt":"2022-04-22T13:08:06","guid":{"rendered":"http:\/\/www.fotoboss.cz\/?page_id=13"},"modified":"2024-01-09T19:53:31","modified_gmt":"2024-01-09T18:53:31","slug":"fotoboss","status":"publish","type":"page","link":"https:\/\/www.fotoboss.cz\/de\/","title":{"rendered":"Photoboss"},"content":{"rendered":"<h1>\n\t\tPHOTOBOSS - DER CHEF DER PHOTOBOOTHS.\n\t<\/h1>\n\t<p>Ein mobiler Fotoautomat f\u00fcr jeden Anlass!<\/p>\n\t<p>All-in-L\u00f6sung f\u00fcr Fotoecken. Was macht gute Fotos sch\u00f6n? Die Kombination von professioneller Technik mit Ihnen und Ihren Freunden, um eine sch\u00f6ne Erinnerung zu schaffen und die Energie starker Momente abzurufen.<\/p>\n<h2>\n\t\tHochzeiten, Veranstaltungen und Feste? Photoboss!\n\t<\/h2>\n\t<p>Fotokabinen auf Festen und Partys haben ihre Berechtigung. Fotoboss hebt den Spa\u00df in der Fotokabine jedoch auf die n\u00e4chste Stufe. Die unbegrenzten digitalen Hintergrundoptionen und die gro\u00dfe Auswahl an Requisiten werden alle begeistern. Aber Vorsicht, das Fotografieren mit Fotoboss kann sehr s\u00fcchtig machen! \ud83d\ude42<\/p>\n\t\t\t\t<img decoding=\"async\" src=\"http:\/\/www.fotoboss.cz\/wp-content\/uploads\/2022\/04\/svatba.jpg\" alt=\"Hintergrund 1\" itemprop=\"image\" title=\"Hochzeit\" onerror=\"this.style.display='none'\"  \/>\n<h3>\n\t\tHochzeiten\n\t<\/h3>\n\t\t\t\t<img loading=\"lazy\" decoding=\"async\" src=\"https:\/\/www.fotoboss.cz\/wp-content\/uploads\/2022\/04\/icon-svatba.png\" alt=\"Ikonen-Hochzeit\" itemprop=\"image\" height=\"60\" width=\"60\" title=\"Ikonen-Hochzeit\" onerror=\"this.style.display='none'\"  \/>\n\t<p>Die Hochzeit ist eines der wichtigsten Ereignisse in unserem Leben, Abendunterhaltung und damit auch eine Fotokabine geh\u00f6ren von Natur aus zusammen. Instax mag toll sein, aber Fotoboss wird auch Tanten, Omas und Opas beeindrucken und erfreuen.<\/p>\n\t\t\t\t<img decoding=\"async\" src=\"http:\/\/www.fotoboss.cz\/wp-content\/uploads\/2022\/04\/narozeniny.jpg\" alt=\"Hintergrund 3\" itemprop=\"image\" title=\"Geburtstag\" onerror=\"this.style.display='none'\"  \/>\n<h3>\n\t\tFeiern und Geburtstage\n\t<\/h3>\n\t\t\t\t<img decoding=\"async\" src=\"http:\/\/www.fotoboss.cz\/wp-content\/uploads\/2022\/04\/icon-oslavy.png\" alt=\"Ikonenfeiern\" itemprop=\"image\" title=\"Ikonenfeiern\" onerror=\"this.style.display='none'\"  \/>\n\t<p>Bei Feiern geht es nicht nur um teure Geschenke und Gesten, sondern vor allem um gemeinsame Momente mit den Menschen, die wir lieben. Fotos sind eine sch\u00f6ne Erinnerung, aber der Spa\u00df, den man beim gemeinsamen Fotografieren hatte, ist das Wichtigste.<\/p>\n\t\t\t\t<img decoding=\"async\" src=\"http:\/\/www.fotoboss.cz\/wp-content\/uploads\/2022\/04\/firemni.jpg\" alt=\"Hintergrund 6\" itemprop=\"image\" title=\"Unternehmen\" onerror=\"this.style.display='none'\"  \/>\n<h3>\n\t\tVeranstaltungen des Unternehmens\n\t<\/h3>\n\t\t\t\t<img decoding=\"async\" src=\"http:\/\/www.fotoboss.cz\/wp-content\/uploads\/2022\/04\/icon-firemni.png\" alt=\"ikonenfest\" itemprop=\"image\" title=\"ikonenfest\" onerror=\"this.style.display='none'\"  \/>\n\t<p>Bei Betriebsfeiern geht es darum, die Beziehungen zwischen den Mitarbeitern zu vertiefen, und wo k\u00f6nnte man sich besser kennen lernen als an der Quelle gro\u00dfartiger Unterhaltung in einem Fotoautomaten. Das Beste ist, dass Sie sich \u00fcber sich selbst, Ihren Chef und Ihre Kollegen lustig machen k\u00f6nnen.<\/p>\n\t\t\t\t<img decoding=\"async\" src=\"http:\/\/www.fotoboss.cz\/wp-content\/uploads\/2022\/04\/festival.jpg\" alt=\"Hintergrund 5\" itemprop=\"image\" title=\"Festival\" onerror=\"this.style.display='none'\"  \/>\n<h3>\n\t\tFestivals und Kongresse\n\t<\/h3>\n\t\t\t\t<img decoding=\"async\" src=\"http:\/\/www.fotoboss.cz\/wp-content\/uploads\/2022\/04\/icon-festival.png\" alt=\"Ikonen-Festival\" itemprop=\"image\" title=\"Ikonen-Festival\" onerror=\"this.style.display='none'\"  \/>\n\t<p>Ein Fotoautomat eignet sich nicht nur f\u00fcr die Abendunterhaltung, sondern auch f\u00fcr formellere Veranstaltungen, bei denen Sie Gesch\u00e4ftspartner treffen. Photoboss ist ideal, um neue Freundschaften zu kn\u00fcpfen, auch wenn wir gesch\u00e4ftlich auf Distanz bleiben.<\/p>\n\t\t\t\t<img decoding=\"async\" src=\"http:\/\/www.fotoboss.cz\/wp-content\/uploads\/2022\/04\/maturitni-ples.jpg\" alt=\"Hintergrund 4\" itemprop=\"image\" title=\"Abschlussball\" onerror=\"this.style.display='none'\"  \/>\n<h3>\n\t\tProms\n\t<\/h3>\n\t\t\t\t<img decoding=\"async\" src=\"http:\/\/www.fotoboss.cz\/wp-content\/uploads\/2022\/04\/icon-maturitni.png\" alt=\"Symbol-Reife\" itemprop=\"image\" title=\"Symbol-Reife\" onerror=\"this.style.display='none'\"  \/>\n\t<p>Festliche Anz\u00fcge, verzierte Ballkleider, aufw\u00e4ndiges Haar und Make-up und ein Haufen Mitsch\u00fcler? Das kann man auf den Fotos nicht \u00fcbersehen! Machen Sie immer wieder Bilder, Fotoboss ist bereit f\u00fcr Sie!<\/p>\n\t\t\t\t<img decoding=\"async\" src=\"http:\/\/www.fotoboss.cz\/wp-content\/uploads\/2022\/04\/vanocni-party.jpg\" alt=\"Hintergrund 2\" itemprop=\"image\" title=\"Weihnachtsfeier\" onerror=\"this.style.display='none'\"  \/>\n<h3>\n\t\tWeihnachtsfeiern\n\t<\/h3>\n\t\t\t\t<img decoding=\"async\" src=\"http:\/\/www.fotoboss.cz\/wp-content\/uploads\/2022\/04\/icon-vanoce.png\" alt=\"Ikonen-Weihnachten\" itemprop=\"image\" title=\"Ikonen-Weihnachten\" onerror=\"this.style.display='none'\"  \/>\n\t<p>Bei Weihnachtsfeiern geht es um Freundschaft, Liebe und Spa\u00df. W\u00e4hrend Sie Spa\u00df haben, wird Fotoboss hart arbeiten! Und was w\u00e4re eine Party ohne Weihnachtsdekoration und Requisiten. Zum Gl\u00fcck haben wir reichlich davon!<\/p>\n<h2>\n\t\tWas ist n\u00f6tig?\n\t<\/h2>\n\t<p><strong>Fl\u00e4che ca. 3 x 3 m<\/strong><\/p>\n\t<strong>Stromversorgung 230V<br \/>\n<\/strong>\n\t<strong>Tisch f\u00fcr Requisiten<br \/>\n<\/strong>\n\t<strong>Wi-fi f\u00fcr die gemeinsame Nutzung von Fotos<br \/>\n<\/strong>\n<h2>\n\t\tUnd wie einfach ist das? Meistens!\n\t<\/h2>\n<h3>\n\t\t1.\n\t<\/h3>\n\t<p>Am Tisch mit den Requisiten kannst du dir aussuchen, was du willst. Sie w\u00e4hlen aus mehreren digitalen Hintergr\u00fcnden und dr\u00fccken START. Jetzt l\u00e4uft ein 5-Sekunden-Countdown.<\/p>\n<h3>\n\t\t2.\n\t<\/h3>\n\t<p>Jetzt kommt der schwierigste Moment: die letzte Pose einnehmen und nicht blinzeln! Sie k\u00f6nnen mehrere Fotos nacheinander aufnehmen, um eine Auswahl zu treffen.<\/p>\n<h3>\n\t\t3.\n\t<\/h3>\n\t<p>In der Fotokabine k\u00f6nnen Sie Ihr ausgew\u00e4hltes Foto ausdrucken oder es sich \u00fcber das Internet zuschicken lassen. Das war's, so einfach ist das!<\/p>\n<h2>\n\t\tAlle vor die Kamera, und der Spa\u00df beginnt!\n\t<\/h2>\n\t<p>Wir freuen uns, Ihnen unseren Fotoboss vorstellen zu k\u00f6nnen. Es ist ein kleines mobiles Studio, vollgestopft mit professioneller Ausr\u00fcstung. Deshalb sehen die Fotos auch so gut aus und halten jahrelang in Ihrem Album! Das Herzst\u00fcck des Photobooth ist eine ausgekl\u00fcgelte und benutzerfreundliche Software, die die gesamte Technologie zusammenf\u00fchrt und sofortige Ergebnisse liefern kann. Und es ist die Schnelligkeit des gesamten Prozesses, die Sie auf Partys sch\u00e4tzen werden. Willst du Spa\u00df haben oder warten? Bei uns m\u00fcssen Sie nicht warten!<\/p>\n\t<p><em>\"Er ist klein, aber schlau!\"<\/em><\/p>\n\t\t\t\t<img decoding=\"async\" src=\"http:\/\/www.fotoboss.cz\/wp-content\/uploads\/2022\/04\/icon-rekvizity.png\" alt=\"Icon-Anforderungen\" itemprop=\"image\" title=\"Icon-Anforderungen\" onerror=\"this.style.display='none'\"  \/>\n<h3>\n\t\tProfessioneller Assistent\n\t<\/h3>\n\t<p>Wir bauen die Fotokabine vor Ort auf und bereiten sie f\u00fcr die Veranstaltung vor. Die Steuerung der Fotokabine ist einfach und intuitiv, so dass jeder sie bedienen kann. Falls erforderlich, steht jederzeit ein geschulter Assistent zur Verf\u00fcgung.<\/p>\n\t\t\t\t<img decoding=\"async\" src=\"http:\/\/www.fotoboss.cz\/wp-content\/uploads\/2022\/04\/icon-location.png\" alt=\"Icon-Standort\" itemprop=\"image\" title=\"Icon-Standort\" onerror=\"this.style.display='none'\"  \/>\n<h3>\n\t\tVersand \u00fcberall\n\t<\/h3>\n\t<p>Egal, ob Sie eine Veranstaltung in Prag oder irgendwo in der Tschechischen Republik organisieren, wir sind voll mobil und kommen gerne zu Ihnen. Auch abgelegene Standorte sind f\u00fcr uns kein Hindernis.<\/p>\n\t\t\t\t<img loading=\"lazy\" decoding=\"async\" src=\"http:\/\/www.fotoboss.cz\/wp-content\/uploads\/2022\/04\/icon-pozadi.png\" alt=\"Icon - siehe\" itemprop=\"image\" height=\"60\" width=\"60\" title=\"Icon - siehe\" onerror=\"this.style.display='none'\"  \/>\n<h3>\n\t\tWichtiger Hintergrund\n\t<\/h3>\n\t<p>Bevorzugen Sie Ballons oder den Meeresstrand? Bei uns w\u00e4hlen Sie mit einem Klick und Fotoboss erledigt den Rest f\u00fcr Sie. Wir k\u00f6nnen jeden digitalen Hintergrund in Echtzeit in Ihr Foto einf\u00fcgen.<\/p>\n\t\t\t\t<img loading=\"lazy\" decoding=\"async\" src=\"https:\/\/www.fotoboss.cz\/wp-content\/uploads\/2022\/05\/fotoboss-vizualizace.jpg\" alt=\"Photoboss - Visualisierung\" itemprop=\"image\" height=\"882\" width=\"368\" title=\"Photoboss - Visualisierung\" onerror=\"this.style.display='none'\"  \/>\n\t\t\t\t<img loading=\"lazy\" decoding=\"async\" src=\"http:\/\/www.fotoboss.cz\/wp-content\/uploads\/2022\/04\/icon-design.png\" alt=\"Ikonengestaltung\" itemprop=\"image\" height=\"60\" width=\"60\" title=\"Ikonengestaltung\" onerror=\"this.style.display='none'\"  \/>\n<h3>\n\t\tBenutzerdefiniertes Logo\n\t<\/h3>\n\t<p>M\u00f6chten Sie Ihr Logo, Ihren Ort oder Ihr Datum auf dem Foto haben? Gerne bereiten wir Ihnen einen Rahmen nach Ihren W\u00fcnschen vor, den wir dann direkt in alle Fotos einarbeiten k\u00f6nnen.<\/p>\n\t\t\t\t<img loading=\"lazy\" decoding=\"async\" src=\"http:\/\/www.fotoboss.cz\/wp-content\/uploads\/2022\/04\/icon-tisk.png\" alt=\"Icon-Druck\" itemprop=\"image\" height=\"60\" width=\"60\" title=\"Icon-Druck\" onerror=\"this.style.display='none'\"  \/>\n<h3>\n\t\tSuperschneller Druck\n\t<\/h3>\n\t<p>Viel Spa\u00df und warten Sie nicht. Fotoboss kann ein 10\u00d715 cm gro\u00dfes Foto in 8 Sekunden in professioneller Qualit\u00e4t drucken! Zwischendurch k\u00f6nnen Sie das Foto erneut aufnehmen. Kurzum, Sie werden sich nicht langweilen!<\/p>\n\t\t\t\t<img loading=\"lazy\" decoding=\"async\" src=\"http:\/\/www.fotoboss.cz\/wp-content\/uploads\/2022\/04\/icon-rekvizity.png\" alt=\"Icon-Anforderungen\" itemprop=\"image\" height=\"60\" width=\"60\" title=\"Icon-Anforderungen\" onerror=\"this.style.display='none'\"  \/>\n<h3>\n\t\tLustige Requisiten\n\t<\/h3>\n\t<p>Wir haben so viele selbstgemachte Requisiten, dass man gar nicht wei\u00df, mit welchem man zuerst drehen soll. Zu den Requisiten geh\u00f6ren lustige Schilder, Getr\u00e4nke, Musikinstrumente, Smiley-Gesichter, Weihnachts- und Hochzeitsrequisiten.<\/p>\n\t\t\t\t<img decoding=\"async\" src=\"http:\/\/www.fotoboss.cz\/wp-content\/uploads\/2022\/04\/Branding-fotobudky-vlastni-design.jpg\" alt=\"Branding-Fotokabinen - individuelle Gestaltung\" itemprop=\"image\" title=\"Branding-Fotost\u00e4nde-Ma\u00dfanfertigung\" onerror=\"this.style.display='none'\"  \/>\n<h2>\n\t\tBranding der Fotokabine\n\t<\/h2>\n\t<h3>kundenspezifisches Design<\/h3>\n\t<p>Der Photoboss ist elegant und perfekt f\u00fcr jeden Anlass. Aber wie w\u00e4re es, wenn man sie in den Farben des Unternehmens kleidet? Kein Problem, wir erstellen Ihnen einen Designvorschlag und platzieren Ihr Firmenlogo nach Ihren Vorgaben. Das Branding eignet sich besonders f\u00fcr Werbeveranstaltungen, bei denen das Photobooth von den Kunden des Unternehmens genutzt wird.<\/p>\n\t\t\t<a href=\"https:\/\/www.fotoboss.cz\/de\/preisliste\/#branding\" target=\"_self\" rel=\"noopener\">\n\t\t\t\t\t\t\tMehr nehmen\n\t\t\t<\/a>\n<h2>\n\t\tReferenz\n\t<\/h2>\n\t<p>Sie kamen an, bereiteten eine \"Fotoecke\" vor, schminkten sich, machten Fotos und gingen wieder. V\u00f6llige Unabh\u00e4ngigkeit. Das Fotoshooting verlief von unserer Seite aus v\u00f6llig problemlos, so stelle ich mir einen \"schl\u00fcsselfertigen\" Service vor. Das Ergebnis war gro\u00dfartig. Ich empfehle.<\/p>\n\t\t\t\t<img decoding=\"async\" src=\"https:\/\/lite.demos.wpbeaverbuilder.com\/wp-content\/uploads\/sites\/28\/2020\/02\/photo-1558403194-611308249627-1-768x768-4.jpg\" alt=\"\" itemprop=\"image\" onerror=\"this.style.display='none'\"  \/>\n\t<strong>Zbyn\u011bk Stra\u0148\u00e1k<br \/>\n<\/strong>FNKV\n\t<p>F\u00fcr mich und meinen Mann kann ich es nur empfehlen! Der Fotograf war sehr angenehm im Umgang, die Fotos waren schnell und vor allem gut gemacht. Er hat unsere Erwartungen \u00fcbertroffen. Wir werden gerne wiederkommen \ud83d\ude42<\/p>\n\t\t\t\t<img decoding=\"async\" src=\"https:\/\/lite.demos.wpbeaverbuilder.com\/wp-content\/uploads\/sites\/28\/2020\/02\/photo-1552664730-d307ca884978-768x768-4.jpg\" alt=\"\" itemprop=\"image\" onerror=\"this.style.display='none'\"  \/>\n\t<strong>Thu Thao Vu<br \/>\n<\/strong>RealFin\n\t\t\t24\n\t\t\t\t\t\t\tSVATEB\n\t\t\t33\n\t\t\t\t\t\t\tOSLAV\n\t\t\t41\n\t\t\t\t\t\t\tUNTERNEHMENSVERANSTALTUNGEN\n\t\t\t8\n\t\t\t\t\t\t\tWEIHNACHTSFEIERN\n\t\t\t\t<img loading=\"lazy\" decoding=\"async\" src=\"https:\/\/www.fotoboss.cz\/wp-content\/uploads\/2022\/04\/aquapalace-praha.png\" alt=\"Aquapalast Prag\" itemprop=\"image\" height=\"223\" width=\"334\" title=\"Aquapalast Prag\" onerror=\"this.style.display='none'\"  \/>\n\t\t\t\t<img loading=\"lazy\" decoding=\"async\" src=\"https:\/\/www.fotoboss.cz\/wp-content\/uploads\/2022\/04\/palasino.png\" alt=\"Palasino-Logo\" itemprop=\"image\" height=\"223\" width=\"334\" title=\"Palasino-Logo\" onerror=\"this.style.display='none'\"  \/>\n\t\t\t\t<img loading=\"lazy\" decoding=\"async\" src=\"https:\/\/www.fotoboss.cz\/wp-content\/uploads\/2023\/01\/csob.png\" alt=\"csob-Logo\" itemprop=\"image\" height=\"223\" width=\"334\" title=\"csob-Logo\" onerror=\"this.style.display='none'\"  \/>\n\t\t\t\t<img decoding=\"async\" src=\"https:\/\/lite.demos.wpbeaverbuilder.com\/wp-content\/uploads\/sites\/28\/2020\/02\/logo-travel-7.png\" alt=\"\" itemprop=\"image\" onerror=\"this.style.display='none'\"  \/>\n\t\t\t\t<img decoding=\"async\" src=\"https:\/\/lite.demos.wpbeaverbuilder.com\/wp-content\/uploads\/sites\/28\/2020\/02\/logo-justin-3.png\" alt=\"\" itemprop=\"image\" onerror=\"this.style.display='none'\"  \/>\n\t\t\t\t<img decoding=\"async\" src=\"https:\/\/lite.demos.wpbeaverbuilder.com\/wp-content\/uploads\/sites\/28\/2020\/02\/logo-atr.png\" alt=\"\" itemprop=\"image\" onerror=\"this.style.display='none'\"  \/>\n<h2>\n\t\tBuchen Sie Ihren Termin\n\t<\/h2>\n\t<p>Sie k\u00f6nnen \u00fcber das Kontaktformular oder telefonisch buchen. Wir empfehlen, einen Termin im Voraus zu vereinbaren, damit wir einen freien Termin f\u00fcr Sie haben.<\/p>","protected":false},"excerpt":{"rendered":"<p>PHOTOBOSS - DER CHEF DER PHOTOBOOTHS. Eine mobile Fotokabine f\u00fcr jeden Anlass! Die All-in-Fotokabinen-L\u00f6sung. Was macht tolle Fotos sch\u00f6n? Die Kombination von professioneller Technik mit Ihnen und Ihren Freunden schafft eine sch\u00f6ne Erinnerung und ruft die Energie starker Momente zur\u00fcck. Hochzeiten, Events und Feiern? Photoboss! Photobooths haben ihren Platz bei Feiern und Spa\u00dfpartys. Aber Fotoboss nimmt den Spa\u00df der Fotokabine [...]<\/p>","protected":false},"author":1,"featured_media":0,"parent":0,"menu_order":0,"comment_status":"closed","ping_status":"closed","template":"","meta":{"site-sidebar-layout":"default","site-content-layout":"","ast-site-content-layout":"default","site-content-style":"default","site-sidebar-style":"default","ast-global-header-display":"","ast-banner-title-visibility":"","ast-main-header-display":"","ast-hfb-above-header-display":"","ast-hfb-below-header-display":"","ast-hfb-mobile-header-display":"","site-post-title":"","ast-breadcrumbs-content":"","ast-featured-img":"","footer-sml-layout":"","ast-disable-related-posts":"","theme-transparent-header-meta":"","adv-header-id-meta":"","stick-header-meta":"","header-above-stick-meta":"","header-main-stick-meta":"","header-below-stick-meta":"","astra-migrate-meta-layouts":"set","ast-page-background-enabled":"default","ast-page-background-meta":{"desktop":{"background-color":"var(--ast-global-color-4)","background-image":"","background-repeat":"repeat","background-position":"center center","background-size":"auto","background-attachment":"scroll","background-type":"","background-media":"","overlay-type":"","overlay-color":"","overlay-opacity":"","overlay-gradient":""},"tablet":{"background-color":"","background-image":"","background-repeat":"repeat","background-position":"center center","background-size":"auto","background-attachment":"scroll","background-type":"","background-media":"","overlay-type":"","overlay-color":"","overlay-opacity":"","overlay-gradient":""},"mobile":{"background-color":"","background-image":"","background-repeat":"repeat","background-position":"center center","background-size":"auto","background-attachment":"scroll","background-type":"","background-media":"","overlay-type":"","overlay-color":"","overlay-opacity":"","overlay-gradient":""}},"ast-content-background-meta":{"desktop":{"background-color":"var(--ast-global-color-5)","background-image":"","background-repeat":"repeat","background-position":"center center","background-size":"auto","background-attachment":"scroll","background-type":"","background-media":"","overlay-type":"","overlay-color":"","overlay-opacity":"","overlay-gradient":""},"tablet":{"background-color":"var(--ast-global-color-5)","background-image":"","background-repeat":"repeat","background-position":"center center","background-size":"auto","background-attachment":"scroll","background-type":"","background-media":"","overlay-type":"","overlay-color":"","overlay-opacity":"","overlay-gradient":""},"mobile":{"background-color":"var(--ast-global-color-5)","background-image":"","background-repeat":"repeat","background-position":"center center","background-size":"auto","background-attachment":"scroll","background-type":"","background-media":"","overlay-type":"","overlay-color":"","overlay-opacity":"","overlay-gradient":""}},"footnotes":""},"class_list":["post-13","page","type-page","status-publish","hentry"],"yoast_head":"<!-- This site is optimized with the Yoast SEO plugin v27.4 - https:\/\/yoast.com\/product\/yoast-seo-wordpress\/ -->\n<title>Fotobudka pro ka\u017edou p\u00e1rty! | FOTOBOSS<\/title>\n<meta name=\"description\" content=\"Kompletn\u00ed zaji\u0161t\u011bn\u00ed fotokoutku pro svatby, narozeniny, oslavy, v\u00e1no\u010dn\u00ed ve\u010d\u00edrky a maturitn\u00ed plesy. Bohat\u00fd v\u00fdb\u011br rekvizit a fotopozad\u00ed.\" \/>\n<meta name=\"robots\" content=\"index, follow, max-snippet:-1, max-image-preview:large, max-video-preview:-1\" \/>\n<link rel=\"canonical\" href=\"https:\/\/www.fotoboss.cz\/de\/\" \/>\n<meta property=\"og:locale\" content=\"de_DE\" \/>\n<meta property=\"og:type\" content=\"article\" \/>\n<meta property=\"og:title\" content=\"Fotobudka pro ka\u017edou p\u00e1rty! | FOTOBOSS\" \/>\n<meta property=\"og:description\" content=\"Kompletn\u00ed zaji\u0161t\u011bn\u00ed fotokoutku pro svatby, narozeniny, oslavy, v\u00e1no\u010dn\u00ed ve\u010d\u00edrky a maturitn\u00ed plesy. Bohat\u00fd v\u00fdb\u011br rekvizit a fotopozad\u00ed.\" \/>\n<meta property=\"og:url\" content=\"https:\/\/www.fotoboss.cz\/de\/\" \/>\n<meta property=\"og:site_name\" content=\"FOTOBOSS\" \/>\n<meta property=\"article:publisher\" content=\"https:\/\/www.facebook.com\/fotoboss.cz\" \/>\n<meta property=\"article:modified_time\" content=\"2024-01-09T18:53:31+00:00\" \/>\n<meta property=\"og:image\" content=\"http:\/\/www.fotoboss.cz\/wp-content\/uploads\/2022\/04\/svatba.jpg\" \/>\n<meta name=\"twitter:card\" content=\"summary_large_image\" \/>\n<meta name=\"twitter:label1\" content=\"Gesch\u00e4tzte Lesezeit\" \/>\n\t<meta name=\"twitter:data1\" content=\"11\u00a0Minuten\" \/>\n<script type=\"application\/ld+json\" class=\"yoast-schema-graph\">{\"@context\":\"https:\\\/\\\/schema.org\",\"@graph\":[{\"@type\":\"WebPage\",\"@id\":\"https:\\\/\\\/www.fotoboss.cz\\\/\",\"url\":\"https:\\\/\\\/www.fotoboss.cz\\\/\",\"name\":\"Fotobudka pro ka\u017edou p\u00e1rty! | FOTOBOSS\",\"isPartOf\":{\"@id\":\"https:\\\/\\\/www.fotoboss.cz\\\/#website\"},\"primaryImageOfPage\":{\"@id\":\"https:\\\/\\\/www.fotoboss.cz\\\/#primaryimage\"},\"image\":{\"@id\":\"https:\\\/\\\/www.fotoboss.cz\\\/#primaryimage\"},\"thumbnailUrl\":\"http:\\\/\\\/www.fotoboss.cz\\\/wp-content\\\/uploads\\\/2022\\\/04\\\/svatba.jpg\",\"datePublished\":\"2022-04-22T13:08:06+00:00\",\"dateModified\":\"2024-01-09T18:53:31+00:00\",\"description\":\"Kompletn\u00ed zaji\u0161t\u011bn\u00ed fotokoutku pro svatby, narozeniny, oslavy, v\u00e1no\u010dn\u00ed ve\u010d\u00edrky a maturitn\u00ed plesy. Bohat\u00fd v\u00fdb\u011br rekvizit a fotopozad\u00ed.\",\"breadcrumb\":{\"@id\":\"https:\\\/\\\/www.fotoboss.cz\\\/#breadcrumb\"},\"inLanguage\":\"de\",\"potentialAction\":[{\"@type\":\"ReadAction\",\"target\":[\"https:\\\/\\\/www.fotoboss.cz\\\/\"]}]},{\"@type\":\"ImageObject\",\"inLanguage\":\"de\",\"@id\":\"https:\\\/\\\/www.fotoboss.cz\\\/#primaryimage\",\"url\":\"http:\\\/\\\/www.fotoboss.cz\\\/wp-content\\\/uploads\\\/2022\\\/04\\\/svatba.jpg\",\"contentUrl\":\"http:\\\/\\\/www.fotoboss.cz\\\/wp-content\\\/uploads\\\/2022\\\/04\\\/svatba.jpg\"},{\"@type\":\"BreadcrumbList\",\"@id\":\"https:\\\/\\\/www.fotoboss.cz\\\/#breadcrumb\",\"itemListElement\":[{\"@type\":\"ListItem\",\"position\":1,\"name\":\"Dom\u016f\",\"item\":\"https:\\\/\\\/www.fotoboss.cz\\\/\"},{\"@type\":\"ListItem\",\"position\":2,\"name\":\"Fotoboss\"}]},{\"@type\":\"WebSite\",\"@id\":\"https:\\\/\\\/www.fotoboss.cz\\\/#website\",\"url\":\"https:\\\/\\\/www.fotoboss.cz\\\/\",\"name\":\"FOTOBOSS\",\"description\":\"Fotokoutek pro ka\u017edou p\u00e1rty!\",\"publisher\":{\"@id\":\"https:\\\/\\\/www.fotoboss.cz\\\/#organization\"},\"potentialAction\":[{\"@type\":\"SearchAction\",\"target\":{\"@type\":\"EntryPoint\",\"urlTemplate\":\"https:\\\/\\\/www.fotoboss.cz\\\/?s={search_term_string}\"},\"query-input\":{\"@type\":\"PropertyValueSpecification\",\"valueRequired\":true,\"valueName\":\"search_term_string\"}}],\"inLanguage\":\"de\"},{\"@type\":\"Organization\",\"@id\":\"https:\\\/\\\/www.fotoboss.cz\\\/#organization\",\"name\":\"Fotoboss\",\"url\":\"https:\\\/\\\/www.fotoboss.cz\\\/\",\"logo\":{\"@type\":\"ImageObject\",\"inLanguage\":\"de\",\"@id\":\"https:\\\/\\\/www.fotoboss.cz\\\/#\\\/schema\\\/logo\\\/image\\\/\",\"url\":\"https:\\\/\\\/www.fotoboss.cz\\\/wp-content\\\/uploads\\\/2022\\\/04\\\/icon-fotoboss.png\",\"contentUrl\":\"https:\\\/\\\/www.fotoboss.cz\\\/wp-content\\\/uploads\\\/2022\\\/04\\\/icon-fotoboss.png\",\"width\":256,\"height\":256,\"caption\":\"Fotoboss\"},\"image\":{\"@id\":\"https:\\\/\\\/www.fotoboss.cz\\\/#\\\/schema\\\/logo\\\/image\\\/\"},\"sameAs\":[\"https:\\\/\\\/www.facebook.com\\\/fotoboss.cz\",\"https:\\\/\\\/www.instagram.com\\\/fotoboss.cz\"]}]}<\/script>\n<!-- \/ Yoast SEO plugin. -->","yoast_head_json":{"title":"Fotobudka pro ka\u017edou p\u00e1rty! | FOTOBOSS","description":"Kompletn\u00ed zaji\u0161t\u011bn\u00ed fotokoutku pro svatby, narozeniny, oslavy, v\u00e1no\u010dn\u00ed ve\u010d\u00edrky a maturitn\u00ed plesy. Bohat\u00fd v\u00fdb\u011br rekvizit a fotopozad\u00ed.","robots":{"index":"index","follow":"follow","max-snippet":"max-snippet:-1","max-image-preview":"max-image-preview:large","max-video-preview":"max-video-preview:-1"},"canonical":"https:\/\/www.fotoboss.cz\/de\/","og_locale":"de_DE","og_type":"article","og_title":"Fotobudka pro ka\u017edou p\u00e1rty! | FOTOBOSS","og_description":"Kompletn\u00ed zaji\u0161t\u011bn\u00ed fotokoutku pro svatby, narozeniny, oslavy, v\u00e1no\u010dn\u00ed ve\u010d\u00edrky a maturitn\u00ed plesy. Bohat\u00fd v\u00fdb\u011br rekvizit a fotopozad\u00ed.","og_url":"https:\/\/www.fotoboss.cz\/de\/","og_site_name":"FOTOBOSS","article_publisher":"https:\/\/www.facebook.com\/fotoboss.cz","article_modified_time":"2024-01-09T18:53:31+00:00","og_image":[{"url":"http:\/\/www.fotoboss.cz\/wp-content\/uploads\/2022\/04\/svatba.jpg","type":"","width":"","height":""}],"twitter_card":"summary_large_image","twitter_misc":{"Gesch\u00e4tzte Lesezeit":"11\u00a0Minuten"},"schema":{"@context":"https:\/\/schema.org","@graph":[{"@type":"WebPage","@id":"https:\/\/www.fotoboss.cz\/","url":"https:\/\/www.fotoboss.cz\/","name":"Fotobudka pro ka\u017edou p\u00e1rty! | FOTOBOSS","isPartOf":{"@id":"https:\/\/www.fotoboss.cz\/#website"},"primaryImageOfPage":{"@id":"https:\/\/www.fotoboss.cz\/#primaryimage"},"image":{"@id":"https:\/\/www.fotoboss.cz\/#primaryimage"},"thumbnailUrl":"http:\/\/www.fotoboss.cz\/wp-content\/uploads\/2022\/04\/svatba.jpg","datePublished":"2022-04-22T13:08:06+00:00","dateModified":"2024-01-09T18:53:31+00:00","description":"Kompletn\u00ed zaji\u0161t\u011bn\u00ed fotokoutku pro svatby, narozeniny, oslavy, v\u00e1no\u010dn\u00ed ve\u010d\u00edrky a maturitn\u00ed plesy. Bohat\u00fd v\u00fdb\u011br rekvizit a fotopozad\u00ed.","breadcrumb":{"@id":"https:\/\/www.fotoboss.cz\/#breadcrumb"},"inLanguage":"de","potentialAction":[{"@type":"ReadAction","target":["https:\/\/www.fotoboss.cz\/"]}]},{"@type":"ImageObject","inLanguage":"de","@id":"https:\/\/www.fotoboss.cz\/#primaryimage","url":"http:\/\/www.fotoboss.cz\/wp-content\/uploads\/2022\/04\/svatba.jpg","contentUrl":"http:\/\/www.fotoboss.cz\/wp-content\/uploads\/2022\/04\/svatba.jpg"},{"@type":"BreadcrumbList","@id":"https:\/\/www.fotoboss.cz\/#breadcrumb","itemListElement":[{"@type":"ListItem","position":1,"name":"Dom\u016f","item":"https:\/\/www.fotoboss.cz\/"},{"@type":"ListItem","position":2,"name":"Fotoboss"}]},{"@type":"WebSite","@id":"https:\/\/www.fotoboss.cz\/#website","url":"https:\/\/www.fotoboss.cz\/","name":"FOTOBOSS","description":"Fotokoutek pro ka\u017edou p\u00e1rty!","publisher":{"@id":"https:\/\/www.fotoboss.cz\/#organization"},"potentialAction":[{"@type":"SearchAction","target":{"@type":"EntryPoint","urlTemplate":"https:\/\/www.fotoboss.cz\/?s={search_term_string}"},"query-input":{"@type":"PropertyValueSpecification","valueRequired":true,"valueName":"search_term_string"}}],"inLanguage":"de"},{"@type":"Organization","@id":"https:\/\/www.fotoboss.cz\/#organization","name":"Fotoboss","url":"https:\/\/www.fotoboss.cz\/","logo":{"@type":"ImageObject","inLanguage":"de","@id":"https:\/\/www.fotoboss.cz\/#\/schema\/logo\/image\/","url":"https:\/\/www.fotoboss.cz\/wp-content\/uploads\/2022\/04\/icon-fotoboss.png","contentUrl":"https:\/\/www.fotoboss.cz\/wp-content\/uploads\/2022\/04\/icon-fotoboss.png","width":256,"height":256,"caption":"Fotoboss"},"image":{"@id":"https:\/\/www.fotoboss.cz\/#\/schema\/logo\/image\/"},"sameAs":["https:\/\/www.facebook.com\/fotoboss.cz","https:\/\/www.instagram.com\/fotoboss.cz"]}]}},"_links":{"self":[{"href":"https:\/\/www.fotoboss.cz\/de\/wp-json\/wp\/v2\/pages\/13","targetHints":{"allow":["GET"]}}],"collection":[{"href":"https:\/\/www.fotoboss.cz\/de\/wp-json\/wp\/v2\/pages"}],"about":[{"href":"https:\/\/www.fotoboss.cz\/de\/wp-json\/wp\/v2\/types\/page"}],"author":[{"embeddable":true,"href":"https:\/\/www.fotoboss.cz\/de\/wp-json\/wp\/v2\/users\/1"}],"replies":[{"embeddable":true,"href":"https:\/\/www.fotoboss.cz\/de\/wp-json\/wp\/v2\/comments?post=13"}],"version-history":[{"count":0,"href":"https:\/\/www.fotoboss.cz\/de\/wp-json\/wp\/v2\/pages\/13\/revisions"}],"wp:attachment":[{"href":"https:\/\/www.fotoboss.cz\/de\/wp-json\/wp\/v2\/media?parent=13"}],"curies":[{"name":"wp","href":"https:\/\/api.w.org\/{rel}","templated":true}]}}